{"id":1382,"date":"2026-01-25T18:58:45","date_gmt":"2026-01-25T18:58:45","guid":{"rendered":"https:\/\/cleancard.eu\/?page_id=1382"},"modified":"2026-01-25T19:02:31","modified_gmt":"2026-01-25T19:02:31","slug":"legal-notice","status":"publish","type":"page","link":"https:\/\/cleancard.eu\/de\/rechtshinweis\/","title":{"rendered":"Impressum"},"content":{"rendered":"<div data-elementor-type=\"wp-page\" data-elementor-id=\"1382\" class=\"elementor elementor-1382\" data-elementor-post-type=\"page\">\n\t\t\t\t<div class=\"elementor-element elementor-element-c654206 e-flex e-con-boxed e-con e-parent\" data-id=\"c654206\" data-element_type=\"container\" data-settings=\"{&quot;background_background&quot;:&quot;classic&quot;}\">\n\t\t\t\t\t<div class=\"e-con-inner\">\n\t\t\t\t<div class=\"elementor-element elementor-element-25397ad elementor-widget elementor-widget-heading\" data-id=\"25397ad\" data-element_type=\"widget\" data-widget_type=\"heading.default\">\n\t\t\t\t\t<h1 class=\"elementor-heading-title elementor-size-default\">RECHTLICHER HINWEIS<\/h1>\t\t\t\t<\/div>\n\t\t\t\t<div class=\"elementor-element elementor-element-527e6a4 elementor-widget elementor-widget-text-editor\" data-id=\"527e6a4\" data-element_type=\"widget\" data-widget_type=\"text-editor.default\">\n\t\t\t\t\t\t\t\t\t<h2 data-start=\"155\" data-end=\"182\"><strong data-start=\"158\" data-end=\"182\">1. Website Herausgeber<\/strong><\/h2><p data-start=\"184\" data-end=\"432\"><strong data-start=\"184\" data-end=\"201\">Name des Unternehmens:<\/strong> APSARA<br data-start=\"208\" data-end=\"211\" \/><strong data-start=\"211\" data-end=\"228\">Rechtlicher Status:<\/strong> Selbstst\u00e4ndige (Frankreich)<br data-start=\"262\" data-end=\"265\" \/><strong data-start=\"265\" data-end=\"286\">Gesch\u00e4ftsadresse:<\/strong> 75 Avenue du 11 Novembre, Blanquefort 33290, Frankreich<br data-start=\"338\" data-end=\"341\" \/><strong data-start=\"341\" data-end=\"351\">E-Mail:<\/strong> <a class=\"decorated-link cursor-pointer\" rel=\"noopener\" data-start=\"352\" data-end=\"372\">contact@cleancard.eu<\/a><br data-start=\"372\" data-end=\"375\" \/><strong data-start=\"375\" data-end=\"415\">Registrierungsnummer des Unternehmens (SIRET):<\/strong> 99059879900015<\/p><hr data-start=\"434\" data-end=\"437\" \/><h2 data-start=\"439\" data-end=\"468\"><strong data-start=\"442\" data-end=\"468\">2. Verlagsleiter<\/strong><\/h2><p data-start=\"470\" data-end=\"493\">Nicht \u00f6ffentlich bekannt gegeben.<\/p><hr data-start=\"495\" data-end=\"498\" \/><h2 data-start=\"500\" data-end=\"526\"><strong data-start=\"503\" data-end=\"526\">3. Hosting-Anbieter<\/strong><\/h2><p data-start=\"528\" data-end=\"691\"><strong data-start=\"528\" data-end=\"549\">Hosting-Anbieter:<\/strong> Hostinger International Ltd.<br data-start=\"578\" data-end=\"581\" \/><strong data-start=\"581\" data-end=\"601\">Hosting-Adresse:<\/strong> Lordou Vironos Stra\u00dfe 61, 6023 Larnaca, Zypern<br data-start=\"648\" data-end=\"651\" \/><strong data-start=\"651\" data-end=\"663\">Website:<\/strong> <a class=\"decorated-link\" href=\"https:\/\/www.hostinger.com\" target=\"_new\" rel=\"noopener\" data-start=\"664\" data-end=\"689\">https:\/\/www.hostinger.com<\/a><\/p><hr data-start=\"693\" data-end=\"696\" \/><h2 data-start=\"698\" data-end=\"729\"><strong data-start=\"701\" data-end=\"729\">4. Geistiges Eigentum<\/strong><\/h2><p data-start=\"731\" data-end=\"1025\">Alle auf dieser Website verf\u00fcgbaren Inhalte (einschlie\u00dflich Texte, Bilder, Logos, Grafiken, Marken, Struktur und Layout) sind durch Gesetze zum Schutz des geistigen Eigentums gesch\u00fctzt.<br data-start=\"889\" data-end=\"892\" \/>Jegliche Vervielf\u00e4ltigung, Verbreitung, \u00c4nderung oder Nutzung, ganz oder teilweise, ohne vorherige schriftliche Genehmigung ist strengstens untersagt.<\/p><hr data-start=\"1027\" data-end=\"1030\" \/><h2 data-start=\"1032\" data-end=\"1051\"><strong data-start=\"1035\" data-end=\"1051\">5. Haftung<\/strong><\/h2><p data-start=\"1053\" data-end=\"1296\">Der Herausgeber ist bestrebt, genaue und aktuelle Informationen zu liefern, kann jedoch nicht f\u00fcr direkte oder indirekte Sch\u00e4den haftbar gemacht werden, die sich aus der Nutzung der Website, technischen Problemen, Serviceunterbrechungen oder m\u00f6glichen Fehlern im Inhalt ergeben.<\/p><hr data-start=\"1298\" data-end=\"1301\" \/><h2 data-start=\"1303\" data-end=\"1327\"><strong data-start=\"1306\" data-end=\"1327\">6. Geltendes Recht<\/strong><\/h2><p data-start=\"1329\" data-end=\"1452\">Die vorliegenden rechtlichen Hinweise unterliegen dem franz\u00f6sischen Recht.<br data-start=\"1376\" data-end=\"1379\" \/>Alle Streitigkeiten unterliegen der Zust\u00e4ndigkeit der zust\u00e4ndigen Gerichte.<\/p>\t\t\t\t\t\t\t\t<\/div>\n\t\t\t\t\t<\/div>\n\t\t\t\t<\/div>\n\t\t\t\t<\/div>","protected":false},"excerpt":{"rendered":"<p>LEGAL NOTICE 1. Website Publisher Company name: APSARALegal status: Self-employed individual (France)Business address: 75 Avenue du 11 Novembre, Blanquefort 33290, FranceEmail: contact@cleancard.euCompany registration number (SIRET): 99059879900015 2. Publishing Director Not publicly disclosed. 3. Hosting Provider Hosting provider: Hostinger International Ltd.Hosting address: 61 Lordou Vironos Street, 6023 Larnaca, CyprusWebsite: https:\/\/www.hostinger.com 4. Intellectual Property All content available [&hellip;]<\/p>","protected":false},"author":2,"featured_media":0,"parent":0,"menu_order":0,"comment_status":"closed","ping_status":"closed","template":"","meta":{"inline_featured_image":false,"footnotes":""},"folder":[],"class_list":["post-1382","page","type-page","status-publish","hentry"],"_hostinger_reach_plugin_has_subscription_block":false,"_hostinger_reach_plugin_is_elementor":false,"_links":{"self":[{"href":"https:\/\/cleancard.eu\/de\/wp-json\/wp\/v2\/pages\/1382","targetHints":{"allow":["GET"]}}],"collection":[{"href":"https:\/\/cleancard.eu\/de\/wp-json\/wp\/v2\/pages"}],"about":[{"href":"https:\/\/cleancard.eu\/de\/wp-json\/wp\/v2\/types\/page"}],"author":[{"embeddable":true,"href":"https:\/\/cleancard.eu\/de\/wp-json\/wp\/v2\/users\/2"}],"replies":[{"embeddable":true,"href":"https:\/\/cleancard.eu\/de\/wp-json\/wp\/v2\/comments?post=1382"}],"version-history":[{"count":6,"href":"https:\/\/cleancard.eu\/de\/wp-json\/wp\/v2\/pages\/1382\/revisions"}],"predecessor-version":[{"id":1388,"href":"https:\/\/cleancard.eu\/de\/wp-json\/wp\/v2\/pages\/1382\/revisions\/1388"}],"wp:attachment":[{"href":"https:\/\/cleancard.eu\/de\/wp-json\/wp\/v2\/media?parent=1382"}],"wp:term":[{"taxonomy":"folder","embeddable":true,"href":"https:\/\/cleancard.eu\/de\/wp-json\/wp\/v2\/folder?post=1382"}],"curies":[{"name":"wp","href":"https:\/\/api.w.org\/{rel}","templated":true}]}}