{"id":1389,"date":"2026-01-25T19:05:20","date_gmt":"2026-01-25T19:05:20","guid":{"rendered":"https:\/\/cleancard.eu\/?page_id=1389"},"modified":"2026-01-25T20:58:22","modified_gmt":"2026-01-25T20:58:22","slug":"terms-and-conditions-of-sale","status":"publish","type":"page","link":"https:\/\/cleancard.eu\/de\/verkaufsbestimmungen-und-bedingungen\/","title":{"rendered":"Verkaufsbedingungen und Konditionen"},"content":{"rendered":"<div data-elementor-type=\"wp-page\" data-elementor-id=\"1389\" class=\"elementor elementor-1389\" data-elementor-post-type=\"page\">\n\t\t\t\t<div class=\"elementor-element elementor-element-c654206 e-flex e-con-boxed e-con e-parent\" data-id=\"c654206\" data-element_type=\"container\" data-settings=\"{&quot;background_background&quot;:&quot;classic&quot;}\">\n\t\t\t\t\t<div class=\"e-con-inner\">\n\t\t\t\t<div class=\"elementor-element elementor-element-25397ad elementor-widget elementor-widget-heading\" data-id=\"25397ad\" data-element_type=\"widget\" data-widget_type=\"heading.default\">\n\t\t\t\t\t<h1 class=\"elementor-heading-title elementor-size-default\">Verkaufsbedingungen und Konditionen<\/h1>\t\t\t\t<\/div>\n\t\t\t\t<div class=\"elementor-element elementor-element-58ac11c elementor-widget elementor-widget-text-editor\" data-id=\"58ac11c\" data-element_type=\"widget\" data-widget_type=\"text-editor.default\">\n\t\t\t\t\t\t\t\t\t<p>Die vorliegenden Verkaufsbedingungen regeln die vertraglichen Beziehungen zwischen APSARA, einem in Frankreich eingetragenen Unternehmen mit Sitz in 75 Avenue du 11 Novembre, 33290 Blanquefort, Frankreich, registriert unter der SIRET-Nummer 99059879900015, und jeder nat\u00fcrlichen oder juristischen Person, die einen Kauf \u00fcber die Website cleancard.eu t\u00e4tigt (im Folgenden \u201cder Kunde\u201d genannt).<br data-start=\"864\" data-end=\"867\" \/>Mit der Aufgabe einer Bestellung auf dieser Website akzeptiert der Kunde die vorliegenden Bedingungen vollst\u00e4ndig und bedingungslos.<\/p>\t\t\t\t\t\t\t\t<\/div>\n\t\t\t\t<div class=\"elementor-element elementor-element-527e6a4 elementor-widget elementor-widget-text-editor\" data-id=\"527e6a4\" data-element_type=\"widget\" data-widget_type=\"text-editor.default\">\n\t\t\t\t\t\t\t\t\t<h2 data-start=\"341\" data-end=\"356\"><strong data-start=\"344\" data-end=\"356\">1. Umfang<\/strong><\/h2><p data-start=\"358\" data-end=\"556\">Diese Allgemeinen Gesch\u00e4ftsbedingungen regeln alle Verk\u00e4ufe von Produkten, die \u00fcber die von APSARA betriebene Website get\u00e4tigt werden.<br data-start=\"458\" data-end=\"461\" \/>Mit der Erteilung eines Auftrags erkennt der Kunde die vorliegenden Allgemeinen Gesch\u00e4ftsbedingungen vorbehaltlos an.<\/p><hr data-start=\"558\" data-end=\"561\" \/><h2 data-start=\"563\" data-end=\"581\"><strong data-start=\"566\" data-end=\"581\">2. Produkte<\/strong><\/h2><p data-start=\"583\" data-end=\"837\">Die angebotenen Produkte sind f\u00fcr Sammler und Liebhaber von Sammelkartenspielen und entsprechendem Zubeh\u00f6r bestimmt.<br data-start=\"694\" data-end=\"697\" \/>Produktbeschreibungen, Bilder und Illustrationen werden nur zu Informationszwecken zur Verf\u00fcgung gestellt und k\u00f6nnen leicht vom tats\u00e4chlichen Produkt abweichen.<\/p><p data-start=\"839\" data-end=\"933\">Die Produkte sind nicht zur T\u00e4uschung, Falschdarstellung oder Erleichterung betr\u00fcgerischer Weiterverkaufspraktiken bestimmt.<\/p><hr data-start=\"935\" data-end=\"938\" \/><h2 data-start=\"940\" data-end=\"956\"><strong data-start=\"943\" data-end=\"956\">3. Preise<\/strong><\/h2><p data-start=\"958\" data-end=\"1047\">Die Preise sind in Euro (\u20ac) angegeben.<br data-start=\"992\" data-end=\"995\" \/>Anwendbare Steuern sind enthalten, sofern dies gesetzlich vorgeschrieben ist.<\/p><p data-start=\"1049\" data-end=\"1103\">Die Versandgeb\u00fchren werden vor der Auftragsbest\u00e4tigung angezeigt.<\/p><p data-start=\"1105\" data-end=\"1208\">Der Verk\u00e4ufer beh\u00e4lt sich das Recht vor, die Preise jederzeit zu \u00e4ndern, ohne dass dies Auswirkungen auf bereits best\u00e4tigte Bestellungen hat.<\/p><hr data-start=\"1210\" data-end=\"1213\" \/><h2 data-start=\"1215\" data-end=\"1231\"><strong data-start=\"1218\" data-end=\"1231\">4. Bestellungen<\/strong><\/h2><p data-start=\"1233\" data-end=\"1375\">Eine Bestellung wird verbindlich, wenn die Zahlung erfolgreich best\u00e4tigt wurde.<br data-start=\"1303\" data-end=\"1306\" \/>Nach der Best\u00e4tigung der Bestellung erh\u00e4lt der Kunde eine E-Mail zur Best\u00e4tigung.<\/p><p data-start=\"1377\" data-end=\"1480\">Der Verk\u00e4ufer beh\u00e4lt sich das Recht vor, Bestellungen abzulehnen oder zu stornieren, wenn der Verdacht auf Betrug, Missbrauch oder Unregelm\u00e4\u00dfigkeiten besteht.<\/p><hr data-start=\"1482\" data-end=\"1485\" \/><h2 data-start=\"1487\" data-end=\"1504\"><strong data-start=\"1490\" data-end=\"1504\">5. Zahlung<\/strong><\/h2><p data-start=\"1506\" data-end=\"1586\">Die Zahlungen werden sicher \u00fcber autorisierte Zahlungsanbieter abgewickelt, darunter:<\/p><ul data-start=\"1587\" data-end=\"1668\"><li data-start=\"1587\" data-end=\"1633\"><p data-start=\"1589\" data-end=\"1633\">Kredit-\/Debitkarte (Stripe \/ WooPayments)<\/p><\/li><li data-start=\"1634\" data-end=\"1644\"><p data-start=\"1636\" data-end=\"1644\">PayPal<\/p><\/li><li data-start=\"1645\" data-end=\"1668\"><p data-start=\"1647\" data-end=\"1668\">Klarna (falls verf\u00fcgbar)<\/p><\/li><\/ul><p data-start=\"1670\" data-end=\"1711\">Auf der Website werden keine Bankdaten gespeichert.<\/p><hr data-start=\"1713\" data-end=\"1716\" \/><h2 data-start=\"1718\" data-end=\"1736\"><strong data-start=\"1721\" data-end=\"1736\">6. Lieferung<\/strong><\/h2><p data-start=\"1738\" data-end=\"1883\">Die Bestellungen werden in der Regel innerhalb von 24-48 Arbeitsstunden versandt, sofern keine au\u00dfergew\u00f6hnlichen Umst\u00e4nde vorliegen.<br data-start=\"1832\" data-end=\"1835\" \/>Die Lieferung ist innerhalb der Europ\u00e4ischen Union m\u00f6glich.<\/p><p data-start=\"1885\" data-end=\"1957\">Die Lieferzeiten sind Richtwerte und h\u00e4ngen vom Transportunternehmen und dem Bestimmungsort ab.<\/p><p data-start=\"1959\" data-end=\"2030\">Der Verk\u00e4ufer kann nicht f\u00fcr Verz\u00f6gerungen verantwortlich gemacht werden, die durch den Spediteur verursacht werden.<\/p><hr data-start=\"2032\" data-end=\"2035\" \/><h2 data-start=\"2037\" data-end=\"2066\"><strong data-start=\"2040\" data-end=\"2066\">7. Transportversicherung<\/strong><\/h2><p data-start=\"2068\" data-end=\"2212\">Wenn eine Transportversicherung angeboten und an der Kasse ausgew\u00e4hlt wird, deckt sie Verlust, Diebstahl oder Besch\u00e4digung des Pakets unter den angegebenen Bedingungen ab.<\/p><p data-start=\"2214\" data-end=\"2306\">Wird keine Versicherung gew\u00e4hlt, so ist die Haftung auf die gesetzlichen Entsch\u00e4digungsregeln des Bef\u00f6rderers beschr\u00e4nkt.<\/p><hr data-start=\"2308\" data-end=\"2311\" \/><h2 data-start=\"2313\" data-end=\"2342\"><strong data-start=\"2316\" data-end=\"2342\">8. R\u00fccktrittsrecht<\/strong><\/h2><p data-start=\"2344\" data-end=\"2474\">Nach dem europ\u00e4ischen Verbraucherrecht hat der Kunde ein <strong data-start=\"2405\" data-end=\"2433\">14-t\u00e4gige Widerrufsfrist<\/strong> ab dem Datum des Erhalts des Produkts.<\/p><p data-start=\"2476\" data-end=\"2505\">Das Produkt muss zur\u00fcckgegeben werden:<\/p><ul data-start=\"2506\" data-end=\"2572\"><li data-start=\"2506\" data-end=\"2516\"><p data-start=\"2508\" data-end=\"2516\">unbenutzt<\/p><\/li><li data-start=\"2517\" data-end=\"2546\"><p data-start=\"2519\" data-end=\"2546\">in seinem urspr\u00fcnglichen Zustand<\/p><\/li><li data-start=\"2547\" data-end=\"2572\"><p data-start=\"2549\" data-end=\"2572\">mit intakter Verpackung<\/p><\/li><\/ul><p data-start=\"2574\" data-end=\"2670\">Die Kosten f\u00fcr die R\u00fccksendung gehen zu Lasten des Kunden, es sei denn, der Fehler ist dem Verk\u00e4ufer zuzuschreiben.<\/p><hr data-start=\"2672\" data-end=\"2675\" \/><h2 data-start=\"2677\" data-end=\"2704\"><strong data-start=\"2680\" data-end=\"2704\">9. Ausgeschlossene Produkte<\/strong><\/h2><p data-start=\"2706\" data-end=\"2825\">Ge\u00f6ffnete, benutzte, besch\u00e4digte oder ver\u00e4nderte Produkte sowie Produkte, deren Schutzsiegel entfernt wurde, k\u00f6nnen nicht erstattet werden.<\/p><p data-start=\"2827\" data-end=\"2898\">Individuell gestaltete oder personalisierte Produkte k\u00f6nnen unter Umst\u00e4nden nicht zur\u00fcckgenommen werden.<\/p><hr data-start=\"2900\" data-end=\"2903\" \/><h2 data-start=\"2905\" data-end=\"2923\"><strong data-start=\"2908\" data-end=\"2923\">10. Erstattungen<\/strong><\/h2><p data-start=\"2925\" data-end=\"2997\">Die R\u00fcckerstattung erfolgt nach Erhalt und Pr\u00fcfung des zur\u00fcckgegebenen Produkts.<\/p><p data-start=\"2999\" data-end=\"3055\">Erstattungen werden \u00fcber die urspr\u00fcngliche Zahlungsmethode abgewickelt.<\/p><hr data-start=\"3057\" data-end=\"3060\" \/><h2 data-start=\"3062\" data-end=\"3082\"><strong data-start=\"3065\" data-end=\"3082\">11. Haftung<\/strong><\/h2><p data-start=\"3084\" data-end=\"3187\">Der Verk\u00e4ufer kann nicht f\u00fcr indirekte Sch\u00e4den, entgangenen Gewinn oder unsachgem\u00e4\u00dfen Gebrauch der Produkte haftbar gemacht werden.<\/p><p data-start=\"3189\" data-end=\"3280\">Jede illegale oder betr\u00fcgerische Verwendung der Produkte liegt in der alleinigen Verantwortung des Kunden.<\/p><hr data-start=\"3282\" data-end=\"3285\" \/><h2 data-start=\"3287\" data-end=\"3319\"><strong data-start=\"3290\" data-end=\"3319\">12. Geistiges Eigentum<\/strong><\/h2><p data-start=\"3321\" data-end=\"3437\">Der gesamte Inhalt der Website bleibt das ausschlie\u00dfliche Eigentum von APSARA und darf nicht ohne Genehmigung vervielf\u00e4ltigt werden.<\/p><hr data-start=\"3439\" data-end=\"3442\" \/><h2 data-start=\"3444\" data-end=\"3481\"><strong data-start=\"3447\" data-end=\"3481\">13. Geltendes Recht und Rechtsstreitigkeiten<\/strong><\/h2><p data-start=\"3483\" data-end=\"3628\">Die vorliegenden Allgemeinen Gesch\u00e4ftsbedingungen unterliegen dem franz\u00f6sischen Recht.<br data-start=\"3537\" data-end=\"3540\" \/>Im Falle von Streitigkeiten wird eine g\u00fctliche L\u00f6sung angestrebt, bevor rechtliche Schritte eingeleitet werden.<\/p>\t\t\t\t\t\t\t\t<\/div>\n\t\t\t\t\t<\/div>\n\t\t\t\t<\/div>\n\t\t\t\t<\/div>","protected":false},"excerpt":{"rendered":"<p>Terms and Conditions of Sale These Terms and Conditions of Sale govern the contractual relationship between APSARA, a self-employed business registered in France, having its registered address at 75 Avenue du 11 Novembre, 33290 Blanquefort, France, registered under SIRET number 99059879900015, and any natural or legal person making a purchase through the website cleancard.eu (hereinafter [&hellip;]<\/p>","protected":false},"author":2,"featured_media":0,"parent":0,"menu_order":0,"comment_status":"closed","ping_status":"closed","template":"","meta":{"inline_featured_image":false,"footnotes":""},"folder":[],"class_list":["post-1389","page","type-page","status-publish","hentry"],"_hostinger_reach_plugin_has_subscription_block":false,"_hostinger_reach_plugin_is_elementor":false,"_links":{"self":[{"href":"https:\/\/cleancard.eu\/de\/wp-json\/wp\/v2\/pages\/1389","targetHints":{"allow":["GET"]}}],"collection":[{"href":"https:\/\/cleancard.eu\/de\/wp-json\/wp\/v2\/pages"}],"about":[{"href":"https:\/\/cleancard.eu\/de\/wp-json\/wp\/v2\/types\/page"}],"author":[{"embeddable":true,"href":"https:\/\/cleancard.eu\/de\/wp-json\/wp\/v2\/users\/2"}],"replies":[{"embeddable":true,"href":"https:\/\/cleancard.eu\/de\/wp-json\/wp\/v2\/comments?post=1389"}],"version-history":[{"count":6,"href":"https:\/\/cleancard.eu\/de\/wp-json\/wp\/v2\/pages\/1389\/revisions"}],"predecessor-version":[{"id":1395,"href":"https:\/\/cleancard.eu\/de\/wp-json\/wp\/v2\/pages\/1389\/revisions\/1395"}],"wp:attachment":[{"href":"https:\/\/cleancard.eu\/de\/wp-json\/wp\/v2\/media?parent=1389"}],"wp:term":[{"taxonomy":"folder","embeddable":true,"href":"https:\/\/cleancard.eu\/de\/wp-json\/wp\/v2\/folder?post=1389"}],"curies":[{"name":"wp","href":"https:\/\/api.w.org\/{rel}","templated":true}]}}