{"id":1396,"date":"2026-01-25T19:17:17","date_gmt":"2026-01-25T19:17:17","guid":{"rendered":"https:\/\/cleancard.eu\/?page_id=1396"},"modified":"2026-01-25T20:53:24","modified_gmt":"2026-01-25T20:53:24","slug":"privacy-policy","status":"publish","type":"page","link":"https:\/\/cleancard.eu\/de\/datenschutzbestimmungen\/","title":{"rendered":"Datenschutzbestimmungen"},"content":{"rendered":"<div data-elementor-type=\"wp-page\" data-elementor-id=\"1396\" class=\"elementor elementor-1396\" data-elementor-post-type=\"page\">\n\t\t\t\t<div class=\"elementor-element elementor-element-c654206 e-flex e-con-boxed e-con e-parent\" data-id=\"c654206\" data-element_type=\"container\" data-settings=\"{&quot;background_background&quot;:&quot;classic&quot;}\">\n\t\t\t\t\t<div class=\"e-con-inner\">\n\t\t\t\t<div class=\"elementor-element elementor-element-25397ad elementor-widget elementor-widget-heading\" data-id=\"25397ad\" data-element_type=\"widget\" data-widget_type=\"heading.default\">\n\t\t\t\t\t<h1 class=\"elementor-heading-title elementor-size-default\">Datenschutzbestimmungen<\/h1>\t\t\t\t<\/div>\n\t\t\t\t<div class=\"elementor-element elementor-element-527e6a4 elementor-widget elementor-widget-text-editor\" data-id=\"527e6a4\" data-element_type=\"widget\" data-widget_type=\"text-editor.default\">\n\t\t\t\t\t\t\t\t\t<h2 data-start=\"297\" data-end=\"319\"><strong data-start=\"300\" data-end=\"319\">1. Einleitung<\/strong><\/h2><p data-start=\"321\" data-end=\"467\">Diese Datenschutzrichtlinie erkl\u00e4rt, wie APSARA (\u201cwir\u201d, \u201cuns\u201d, \u201cunser\u201d) Ihre pers\u00f6nlichen Daten sammelt, verwendet und sch\u00fctzt, wenn Sie die Website cleancard.eu nutzen.<\/p><p data-start=\"469\" data-end=\"578\">Wir verpflichten uns, Ihre Privatsph\u00e4re zu sch\u00fctzen und die Allgemeine Datenschutzverordnung (GDPR) einzuhalten.<\/p><hr data-start=\"580\" data-end=\"583\" \/><h2 data-start=\"585\" data-end=\"610\"><strong data-start=\"588\" data-end=\"610\">2. Data Controller<\/strong><\/h2><p data-start=\"612\" data-end=\"635\">Der Inhaber der Datenverarbeitung ist:<\/p><p data-start=\"637\" data-end=\"827\"><strong data-start=\"637\" data-end=\"654\">Name des Unternehmens:<\/strong> APSARA<br data-start=\"661\" data-end=\"664\" \/><strong data-start=\"664\" data-end=\"681\">Rechtlicher Status:<\/strong> Selbstst\u00e4ndige (Frankreich)<br data-start=\"715\" data-end=\"718\" \/><strong data-start=\"718\" data-end=\"739\">Gesch\u00e4ftsadresse:<\/strong> 75 Avenue du 11 Novembre, 33290 Blanquefort, Frankreich<br data-start=\"791\" data-end=\"794\" \/><strong data-start=\"794\" data-end=\"804\">E-Mail:<\/strong> <a class=\"decorated-link cursor-pointer\" rel=\"noopener\" data-start=\"805\" data-end=\"825\">contact@cleancard.eu<\/a><\/p><hr data-start=\"829\" data-end=\"832\" \/><h2 data-start=\"834\" data-end=\"867\"><strong data-start=\"837\" data-end=\"867\">3. Erhobene personenbezogene Daten<\/strong><\/h2><p data-start=\"869\" data-end=\"912\">Wir k\u00f6nnen die folgenden personenbezogenen Daten sammeln:<\/p><ul data-start=\"914\" data-end=\"1163\"><li data-start=\"914\" data-end=\"962\"><p data-start=\"916\" data-end=\"962\">Angaben zur Identit\u00e4t (Vorname, Nachname)<\/p><\/li><li data-start=\"963\" data-end=\"1028\"><p data-start=\"965\" data-end=\"1028\">Kontaktinformationen (E-Mail-Adresse, Telefonnummer, Postanschrift)<\/p><\/li><li data-start=\"1029\" data-end=\"1065\"><p data-start=\"1031\" data-end=\"1065\">Informationen zur Rechnungsstellung und zum Versand<\/p><\/li><li data-start=\"1066\" data-end=\"1104\"><p data-start=\"1068\" data-end=\"1104\">Auftragshistorie und Transaktionsdaten<\/p><\/li><li data-start=\"1105\" data-end=\"1136\"><p data-start=\"1107\" data-end=\"1136\">IP-Adresse und Browserdaten<\/p><\/li><li data-start=\"1137\" data-end=\"1163\"><p data-start=\"1139\" data-end=\"1163\">Cookies und Nutzungsdaten<\/p><\/li><\/ul><p data-start=\"1165\" data-end=\"1270\">Die Zahlungsinformationen werden direkt von sicheren Zahlungsanbietern verarbeitet und niemals auf unseren Servern gespeichert.<\/p><hr data-start=\"1272\" data-end=\"1275\" \/><h2 data-start=\"1277\" data-end=\"1313\"><strong data-start=\"1280\" data-end=\"1313\">4. Zweck der Datenverarbeitung<\/strong><\/h2><p data-start=\"1315\" data-end=\"1365\">Ihre Daten werden zu den folgenden Zwecken erhoben:<\/p><ul data-start=\"1367\" data-end=\"1579\"><li data-start=\"1367\" data-end=\"1403\"><p data-start=\"1369\" data-end=\"1403\">Auftragsabwicklung und -erf\u00fcllung<\/p><\/li><li data-start=\"1404\" data-end=\"1426\"><p data-start=\"1406\" data-end=\"1426\">Zahlungsabwicklung<\/p><\/li><li data-start=\"1427\" data-end=\"1453\"><p data-start=\"1429\" data-end=\"1453\">Lieferung und Logistik<\/p><\/li><li data-start=\"1454\" data-end=\"1492\"><p data-start=\"1456\" data-end=\"1492\">Kundenbetreuung und Kommunikation<\/p><\/li><li data-start=\"1493\" data-end=\"1529\"><p data-start=\"1495\" data-end=\"1529\">Rechtliche und buchhalterische Verpflichtungen<\/p><\/li><li data-start=\"1530\" data-end=\"1579\"><p data-start=\"1532\" data-end=\"1579\">Website-Sicherheit und Leistungsoptimierung<\/p><\/li><\/ul><hr data-start=\"1581\" data-end=\"1584\" \/><h2 data-start=\"1586\" data-end=\"1622\"><strong data-start=\"1589\" data-end=\"1622\">5. Rechtsgrundlage f\u00fcr die Verarbeitung<\/strong><\/h2><p data-start=\"1624\" data-end=\"1654\">Wir verarbeiten Ihre Daten aus folgenden Gr\u00fcnden:<\/p><ul data-start=\"1656\" data-end=\"1882\"><li data-start=\"1656\" data-end=\"1704\"><p data-start=\"1658\" data-end=\"1704\">Erf\u00fcllung eines Vertrags (Auftragsabwicklung)<\/p><\/li><li data-start=\"1705\" data-end=\"1750\"><p data-start=\"1707\" data-end=\"1750\">Rechtliche Verpflichtungen (Buchhaltung, Rechnungsstellung)<\/p><\/li><li data-start=\"1751\" data-end=\"1824\"><p data-start=\"1753\" data-end=\"1824\">Legitimes Interesse (Sicherheit, Betrugsbek\u00e4mpfung, Verbesserung der Dienstleistungen)<\/p><\/li><li data-start=\"1825\" data-end=\"1882\"><p data-start=\"1827\" data-end=\"1882\">Zustimmung (Cookies und optionale Marketingkommunikation)<\/p><\/li><\/ul><hr data-start=\"1884\" data-end=\"1887\" \/><h2 data-start=\"1889\" data-end=\"1914\"><strong data-start=\"1892\" data-end=\"1914\">6. Datenempf\u00e4nger<\/strong><\/h2><p data-start=\"1916\" data-end=\"1945\">Ihre Daten k\u00f6nnen weitergegeben werden an:<\/p><ul data-start=\"1947\" data-end=\"2156\"><li data-start=\"1947\" data-end=\"2004\"><p data-start=\"1949\" data-end=\"2004\">Zahlungsanbieter (Stripe, PayPal, Klarna, falls aktiviert)<\/p><\/li><li data-start=\"2005\" data-end=\"2040\"><p data-start=\"2007\" data-end=\"2040\">Versand- und Logistikpartner<\/p><\/li><li data-start=\"2041\" data-end=\"2073\"><p data-start=\"2043\" data-end=\"2073\">Hosting-Anbieter (Hostinger)<\/p><\/li><li data-start=\"2074\" data-end=\"2111\"><p data-start=\"2076\" data-end=\"2111\">IT- und Sicherheitsdienstleister<\/p><\/li><li data-start=\"2112\" data-end=\"2156\"><p data-start=\"2114\" data-end=\"2156\">\u00d6ffentliche Beh\u00f6rden, wenn dies gesetzlich vorgeschrieben ist<\/p><\/li><\/ul><p data-start=\"2158\" data-end=\"2194\">Die Daten werden niemals an Dritte verkauft.<\/p><hr data-start=\"2196\" data-end=\"2199\" \/><h2 data-start=\"2201\" data-end=\"2225\"><strong data-start=\"2204\" data-end=\"2225\">7. Vorratsdatenspeicherung<\/strong><\/h2><p data-start=\"2227\" data-end=\"2361\">Personenbezogene Daten werden nur so lange aufbewahrt, wie es zur Erf\u00fcllung der oben genannten Zwecke und zur Einhaltung gesetzlicher Verpflichtungen erforderlich ist.<\/p><p data-start=\"2363\" data-end=\"2444\">Die Buchhaltungsdaten k\u00f6nnen nach franz\u00f6sischem Recht bis zu 10 Jahre lang aufbewahrt werden.<\/p><hr data-start=\"2446\" data-end=\"2449\" \/><h2 data-start=\"2451\" data-end=\"2474\"><strong data-start=\"2454\" data-end=\"2474\">8. Datensicherheit<\/strong><\/h2><p data-start=\"2476\" data-end=\"2630\">Wir setzen angemessene technische und organisatorische Ma\u00dfnahmen ein, um Ihre pers\u00f6nlichen Daten vor unbefugtem Zugriff, Verlust, Ver\u00e4nderung oder Offenlegung zu sch\u00fctzen.<\/p><hr data-start=\"2632\" data-end=\"2635\" \/><h2 data-start=\"2637\" data-end=\"2658\"><strong data-start=\"2640\" data-end=\"2658\">9. Deine Rechte<\/strong><\/h2><p data-start=\"2660\" data-end=\"2698\">Gem\u00e4\u00df der Datenschutz-Grundverordnung haben Sie das Recht auf:<\/p><ul data-start=\"2700\" data-end=\"2887\"><li data-start=\"2700\" data-end=\"2729\"><p data-start=\"2702\" data-end=\"2729\">Zugang zu Ihren pers\u00f6nlichen Daten<\/p><\/li><li data-start=\"2730\" data-end=\"2757\"><p data-start=\"2732\" data-end=\"2757\">Ungenaue Daten berichtigen<\/p><\/li><li data-start=\"2758\" data-end=\"2791\"><p data-start=\"2760\" data-end=\"2791\">Beantragen Sie die L\u00f6schung Ihrer Daten<\/p><\/li><li data-start=\"2792\" data-end=\"2828\"><p data-start=\"2794\" data-end=\"2828\">Verarbeitung einschr\u00e4nken oder widersprechen<\/p><\/li><li data-start=\"2829\" data-end=\"2849\"><p data-start=\"2831\" data-end=\"2849\">\u00dcbertragbarkeit von Daten<\/p><\/li><li data-start=\"2850\" data-end=\"2887\"><p data-start=\"2852\" data-end=\"2887\">Ihre Zustimmung jederzeit widerrufen<\/p><\/li><\/ul><p data-start=\"2889\" data-end=\"2957\">Sie k\u00f6nnen Ihre Rechte aus\u00fcben, indem Sie sich an folgende Stelle wenden: <strong data-start=\"2933\" data-end=\"2957\"><a class=\"decorated-link cursor-pointer\" rel=\"noopener\" data-start=\"2935\" data-end=\"2955\">contact@cleancard.eu<\/a><\/strong><\/p><hr data-start=\"2959\" data-end=\"2962\" \/><h2 data-start=\"2964\" data-end=\"2982\"><strong data-start=\"2967\" data-end=\"2982\">10. Kekse<\/strong><\/h2><p data-start=\"2984\" data-end=\"3083\">Diese Website verwendet Cookies, um die ordnungsgem\u00e4\u00dfe Funktionalit\u00e4t zu gew\u00e4hrleisten, die Leistung zu verbessern und den Datenverkehr zu analysieren.<\/p><p data-start=\"3085\" data-end=\"3182\">Sie k\u00f6nnen Cookies \u00fcber die Einstellungen Ihres Browsers oder \u00fcber das Cookie-Zustimmungsbanner verwalten oder deaktivieren.<\/p><hr data-start=\"3184\" data-end=\"3187\" \/><h2 data-start=\"3189\" data-end=\"3223\"><strong data-start=\"3192\" data-end=\"3223\">11. Internationale \u00dcberweisungen<\/strong><\/h2><p data-start=\"3225\" data-end=\"3386\">Einige Dienstanbieter verarbeiten m\u00f6glicherweise Daten au\u00dferhalb der Europ\u00e4ischen Union.<br data-start=\"3292\" data-end=\"3295\" \/>In solchen F\u00e4llen werden angemessene Schutzma\u00dfnahmen im Einklang mit den Anforderungen der DSGVO ergriffen.<\/p><hr data-start=\"3388\" data-end=\"3391\" \/><h2 data-start=\"3393\" data-end=\"3426\"><strong data-start=\"3396\" data-end=\"3426\">12. \u00c4nderungen an dieser Politik<\/strong><\/h2><p data-start=\"3428\" data-end=\"3533\">Wir behalten uns das Recht vor, diese Datenschutzrichtlinie jederzeit zu aktualisieren.<br data-start=\"3491\" data-end=\"3494\" \/>\u00c4nderungen werden auf dieser Seite ver\u00f6ffentlicht.<\/p><hr data-start=\"3535\" data-end=\"3538\" \/><h2 data-start=\"3540\" data-end=\"3558\"><strong data-start=\"3543\" data-end=\"3558\">13. Kontakt<\/strong><\/h2><p data-start=\"3560\" data-end=\"3646\">Wenn Sie Fragen zu dieser Datenschutzerkl\u00e4rung oder zu Ihren pers\u00f6nlichen Daten haben, wenden Sie sich bitte an uns:<\/p><p data-start=\"3648\" data-end=\"3675\">\ud83d\udce7 <strong data-start=\"3651\" data-end=\"3675\"><a class=\"decorated-link cursor-pointer\" rel=\"noopener\" data-start=\"3653\" data-end=\"3673\">contact@cleancard.eu<\/a><\/strong><\/p>\t\t\t\t\t\t\t\t<\/div>\n\t\t\t\t\t<\/div>\n\t\t\t\t<\/div>\n\t\t\t\t<\/div>","protected":false},"excerpt":{"rendered":"<p>Privacy Policy 1. Introduction This Privacy Policy explains how APSARA (\u201cwe\u201d, \u201cus\u201d, \u201cour\u201d) collects, uses, and protects your personal data when you use the website cleancard.eu. We are committed to protecting your privacy and complying with the General Data Protection Regulation (GDPR). 2. Data Controller The data controller is: Company name: APSARALegal status: Self-employed individual [&hellip;]<\/p>","protected":false},"author":2,"featured_media":0,"parent":0,"menu_order":0,"comment_status":"closed","ping_status":"closed","template":"","meta":{"inline_featured_image":false,"footnotes":""},"folder":[],"class_list":["post-1396","page","type-page","status-publish","hentry"],"_hostinger_reach_plugin_has_subscription_block":false,"_hostinger_reach_plugin_is_elementor":false,"_links":{"self":[{"href":"https:\/\/cleancard.eu\/de\/wp-json\/wp\/v2\/pages\/1396","targetHints":{"allow":["GET"]}}],"collection":[{"href":"https:\/\/cleancard.eu\/de\/wp-json\/wp\/v2\/pages"}],"about":[{"href":"https:\/\/cleancard.eu\/de\/wp-json\/wp\/v2\/types\/page"}],"author":[{"embeddable":true,"href":"https:\/\/cleancard.eu\/de\/wp-json\/wp\/v2\/users\/2"}],"replies":[{"embeddable":true,"href":"https:\/\/cleancard.eu\/de\/wp-json\/wp\/v2\/comments?post=1396"}],"version-history":[{"count":4,"href":"https:\/\/cleancard.eu\/de\/wp-json\/wp\/v2\/pages\/1396\/revisions"}],"predecessor-version":[{"id":1432,"href":"https:\/\/cleancard.eu\/de\/wp-json\/wp\/v2\/pages\/1396\/revisions\/1432"}],"wp:attachment":[{"href":"https:\/\/cleancard.eu\/de\/wp-json\/wp\/v2\/media?parent=1396"}],"wp:term":[{"taxonomy":"folder","embeddable":true,"href":"https:\/\/cleancard.eu\/de\/wp-json\/wp\/v2\/folder?post=1396"}],"curies":[{"name":"wp","href":"https:\/\/api.w.org\/{rel}","templated":true}]}}