{"id":1413,"date":"2026-01-25T20:25:40","date_gmt":"2026-01-25T20:25:40","guid":{"rendered":"https:\/\/cleancard.eu\/?page_id=1413"},"modified":"2026-01-25T20:27:06","modified_gmt":"2026-01-25T20:27:06","slug":"shipping","status":"publish","type":"page","link":"https:\/\/cleancard.eu\/de\/versand\/","title":{"rendered":"Versand"},"content":{"rendered":"<div data-elementor-type=\"wp-page\" data-elementor-id=\"1413\" class=\"elementor elementor-1413\" data-elementor-post-type=\"page\">\n\t\t\t\t<div class=\"elementor-element elementor-element-c654206 e-flex e-con-boxed e-con e-parent\" data-id=\"c654206\" data-element_type=\"container\" data-settings=\"{&quot;background_background&quot;:&quot;classic&quot;}\">\n\t\t\t\t\t<div class=\"e-con-inner\">\n\t\t\t\t<div class=\"elementor-element elementor-element-25397ad elementor-widget elementor-widget-heading\" data-id=\"25397ad\" data-element_type=\"widget\" data-widget_type=\"heading.default\">\n\t\t\t\t\t<h1 class=\"elementor-heading-title elementor-size-default\">Versand<\/h1>\t\t\t\t<\/div>\n\t\t\t\t<div class=\"elementor-element elementor-element-527e6a4 elementor-widget elementor-widget-text-editor\" data-id=\"527e6a4\" data-element_type=\"widget\" data-widget_type=\"text-editor.default\">\n\t\t\t\t\t\t\t\t\t<p data-start=\"311\" data-end=\"405\">Wir versenden in alle L\u00e4nder der Europ\u00e4ischen Union.<br data-start=\"362\" data-end=\"365\" \/>Alle Produkte werden von Frankreich aus versandt.<\/p><p data-start=\"407\" data-end=\"505\">Der Versand der Bestellungen erfolgt innerhalb von <strong data-start=\"433\" data-end=\"454\">24 Gesch\u00e4ftsstunden<\/strong>, je nach Auftragsdauer und Produktverf\u00fcgbarkeit.<\/p><p data-start=\"507\" data-end=\"711\">Um erschwingliche Versandpreise zu gew\u00e4hrleisten, erfolgt die Lieferung haupts\u00e4chlich \u00fcber <strong data-start=\"580\" data-end=\"597\">Mondial-Staffel<\/strong>, Abholstellen und Schlie\u00dff\u00e4cher f\u00fcr Pakete nutzen.<br data-start=\"638\" data-end=\"641\" \/>Je nach Land kann auch eine Lieferung nach Hause m\u00f6glich sein.<\/p><p data-start=\"713\" data-end=\"797\">Versandunternehmen und verf\u00fcgbare Liefermethoden k\u00f6nnen je nach Zielort variieren.<\/p><p data-start=\"799\" data-end=\"824\">Gesch\u00e4tzte Lieferzeiten:<\/p><ul data-start=\"825\" data-end=\"1003\"><li data-start=\"825\" data-end=\"883\"><p data-start=\"827\" data-end=\"883\"><strong data-start=\"827\" data-end=\"838\">Frankreich:<\/strong> in der Regel 2-3 Arbeitstage nach Versand<\/p><\/li><li data-start=\"884\" data-end=\"1003\"><p data-start=\"886\" data-end=\"1003\"><strong data-start=\"886\" data-end=\"905\">Europ\u00e4ische Union:<\/strong> in der Regel 5-10 Werktage nach Versand, je nach Entfernung und gew\u00e4hlter Versandart<\/p><\/li><\/ul><p data-start=\"1005\" data-end=\"1094\">Die Lieferzeiten sind Richtwerte und k\u00f6nnen je nach Spediteur und externen Faktoren variieren.<\/p><p data-start=\"1096\" data-end=\"1316\">Wenn an der Kasse keine Versandart f\u00fcr Ihr Land verf\u00fcgbar ist, wenden Sie sich bitte an unser Team.<br data-start=\"1185\" data-end=\"1188\" \/>Sie k\u00f6nnen einer der ersten Kunden aus Ihrem Land sein, und wir werden die passende Versandl\u00f6sung f\u00fcr Ihre Bestellung konfigurieren.<\/p><p data-start=\"1318\" data-end=\"1484\">Wenn Sie w\u00e4hrend der Versandkostenberechnung oder des Bestellvorgangs auf ein Problem oder einen Fehler sto\u00dfen, melden Sie es bitte, damit unser Team das Problem so schnell wie m\u00f6glich l\u00f6sen kann.<\/p>\t\t\t\t\t\t\t\t<\/div>\n\t\t\t\t\t<\/div>\n\t\t\t\t<\/div>\n\t\t\t\t<\/div>","protected":false},"excerpt":{"rendered":"<p>Shipping We ship to all countries within the European Union.All products are dispatched from France. Orders are shipped within 24 business hours, depending on order time and product availability. To ensure affordable shipping prices, our primary delivery method is via Mondial Relay, using pickup points and parcel lockers.Home delivery options may also be available depending [&hellip;]<\/p>","protected":false},"author":2,"featured_media":0,"parent":0,"menu_order":0,"comment_status":"closed","ping_status":"closed","template":"","meta":{"inline_featured_image":false,"footnotes":""},"folder":[],"class_list":["post-1413","page","type-page","status-publish","hentry"],"_hostinger_reach_plugin_has_subscription_block":false,"_hostinger_reach_plugin_is_elementor":false,"_links":{"self":[{"href":"https:\/\/cleancard.eu\/de\/wp-json\/wp\/v2\/pages\/1413","targetHints":{"allow":["GET"]}}],"collection":[{"href":"https:\/\/cleancard.eu\/de\/wp-json\/wp\/v2\/pages"}],"about":[{"href":"https:\/\/cleancard.eu\/de\/wp-json\/wp\/v2\/types\/page"}],"author":[{"embeddable":true,"href":"https:\/\/cleancard.eu\/de\/wp-json\/wp\/v2\/users\/2"}],"replies":[{"embeddable":true,"href":"https:\/\/cleancard.eu\/de\/wp-json\/wp\/v2\/comments?post=1413"}],"version-history":[{"count":4,"href":"https:\/\/cleancard.eu\/de\/wp-json\/wp\/v2\/pages\/1413\/revisions"}],"predecessor-version":[{"id":1501,"href":"https:\/\/cleancard.eu\/de\/wp-json\/wp\/v2\/pages\/1413\/revisions\/1501"}],"wp:attachment":[{"href":"https:\/\/cleancard.eu\/de\/wp-json\/wp\/v2\/media?parent=1413"}],"wp:term":[{"taxonomy":"folder","embeddable":true,"href":"https:\/\/cleancard.eu\/de\/wp-json\/wp\/v2\/folder?post=1413"}],"curies":[{"name":"wp","href":"https:\/\/api.w.org\/{rel}","templated":true}]}}