{"id":1186,"date":"2026-01-16T23:12:29","date_gmt":"2026-01-16T23:12:29","guid":{"rendered":"https:\/\/cleancard.eu\/?post_type=product&#038;p=1186"},"modified":"2026-04-13T10:39:17","modified_gmt":"2026-04-13T10:39:17","slug":"pokemon-card-cleaning-spray","status":"publish","type":"product","link":"https:\/\/cleancard.eu\/de\/shop\/pokemon-card-reinigungsspray\/","title":{"rendered":"Pokemon Card Reinigungsspray"},"content":{"rendered":"<div class=\"product-box product-text\">\n<h2 class=\"section-title-product\">\ud83d\udce6 Inhalt des Kits<\/h2>\n<ul class=\"product-list\">\n<li><span class=\"item-title\">\ud83d\udca7 1 Cleancard Reinigungsspray (30 ml)<\/span><br \/>\nEine sanfte Formel, die Staub, Verunreinigungen, Fett und Flecken sicher entfernt und gleichzeitig die Druckqualit\u00e4t bewahrt.<\/li>\n<li><span class=\"item-title\">\ud83e\udeb6 10 Pr\u00e4zisions-Wattest\u00e4bchen<\/span><br \/>\nIdeal zum Entfernen von eingetrockneten Flecken oder hartn\u00e4ckigen Spuren in pr\u00e4zisen Bereichen.<\/li>\n<li><span class=\"item-title\">\ud83e\uddf4 1 Mikrofaser-Pads<\/span><br \/>\nF\u00fcr eine sichere und gleichm\u00e4\u00dfige Anwendung des Reinigungssprays.<\/li>\n<li><span class=\"item-title\">\ud83e\uddfc 1 Mikrofaser-Handt\u00fccher<\/span><br \/>\nZum abschlie\u00dfenden Trocknen ein weiches, kratzfreies Tuch verwenden<\/li>\n<\/ul>\n<\/div>","protected":false},"excerpt":{"rendered":"<p>Das Reinigungsspray von Cleancard entfernt sicher Fett, Fingerabdr\u00fccke, Staub, Oberfl\u00e4chenflecken und bestimmte Tintenreste von Sammelkarten. Die milde, schnelltrocknende Formel sorgt f\u00fcr kontrollierte Befeuchtung, um Verunreinigungen zu l\u00f6sen, ohne die Karte zu durchn\u00e4ssen oder Druckqualit\u00e4t, Kanten oder Oberfl\u00e4chenstruktur zu besch\u00e4digen.<\/p>\n<p>Sorgt f\u00fcr eine kontrollierte Befeuchtung, die die Kartenfasern entspannt und die Korrektur von Knicken und Dellen erm\u00f6glicht, in Kombination mit Gl\u00e4ttungssets und Werkzeugen.<\/p>","protected":false},"featured_media":1341,"template":"","meta":{"inline_featured_image":false},"product_brand":[43],"product_cat":[33,28],"product_tag":[],"badge":[],"class_list":{"0":"post-1186","1":"product","2":"type-product","3":"status-publish","4":"has-post-thumbnail","6":"product_brand-cleancard","7":"product_cat-pokemon-card-cleaning","8":"product_cat-pokemon-card-restoration","10":"first","11":"instock","12":"shipping-taxable","13":"purchasable","14":"product-type-simple"},"_links":{"self":[{"href":"https:\/\/cleancard.eu\/de\/wp-json\/wp\/v2\/product\/1186","targetHints":{"allow":["GET"]}}],"collection":[{"href":"https:\/\/cleancard.eu\/de\/wp-json\/wp\/v2\/product"}],"about":[{"href":"https:\/\/cleancard.eu\/de\/wp-json\/wp\/v2\/types\/product"}],"version-history":[{"count":13,"href":"https:\/\/cleancard.eu\/de\/wp-json\/wp\/v2\/product\/1186\/revisions"}],"predecessor-version":[{"id":1561,"href":"https:\/\/cleancard.eu\/de\/wp-json\/wp\/v2\/product\/1186\/revisions\/1561"}],"wp:featuredmedia":[{"embeddable":true,"href":"https:\/\/cleancard.eu\/de\/wp-json\/wp\/v2\/media\/1341"}],"wp:attachment":[{"href":"https:\/\/cleancard.eu\/de\/wp-json\/wp\/v2\/media?parent=1186"}],"wp:term":[{"taxonomy":"product_brand","embeddable":true,"href":"https:\/\/cleancard.eu\/de\/wp-json\/wp\/v2\/product_brand?post=1186"},{"taxonomy":"product_cat","embeddable":true,"href":"https:\/\/cleancard.eu\/de\/wp-json\/wp\/v2\/product_cat?post=1186"},{"taxonomy":"product_tag","embeddable":true,"href":"https:\/\/cleancard.eu\/de\/wp-json\/wp\/v2\/product_tag?post=1186"},{"taxonomy":"badge","embeddable":true,"href":"https:\/\/cleancard.eu\/de\/wp-json\/wp\/v2\/badge?post=1186"}],"curies":[{"name":"wp","href":"https:\/\/api.w.org\/{rel}","templated":true}]}}