{"id":1346,"date":"2026-01-22T17:13:24","date_gmt":"2026-01-22T17:13:24","guid":{"rendered":"https:\/\/cleancard.eu\/?post_type=product&#038;p=1346"},"modified":"2026-04-13T21:13:51","modified_gmt":"2026-04-13T21:13:51","slug":"pokemon-card-flattening-kit","status":"publish","type":"product","link":"https:\/\/cleancard.eu\/de\/shop\/pokemon-karten-druck-glaettungs-set\/","title":{"rendered":"Pokemon-Kartendruck- und Gl\u00e4ttungsset"},"content":{"rendered":"<div class=\"product-box product-text\">\n<h2 class=\"section-title-product\">\ud83d\udce6 Inhalt des Kits<\/h2>\n<ul class=\"product-list\">\n<li><span class=\"item-title\">\ud83d\udddc\ufe0f 4\u00d7 Softdruckklammern<\/span><br \/>\nSichern Sie den Aufbau ohne Klemmspuren.<\/li>\n<li><span class=\"item-title\">\ud83d\udcc0 2\u00d7 dicke Acryldruck-Scheiben<\/span><br \/>\nSorgen Sie f\u00fcr eine starre, vollkommen ebene Pressfl\u00e4che.<\/li>\n<li><span class=\"item-title\">\ud83e\uddfd 2\u00d7 Soft Pressure Foam Pads<\/span><br \/>\nVerteilen Sie den Druck gleichm\u00e4\u00dfig und sch\u00fctzen Sie die Karte.<\/li>\n<\/ul>\n<\/div>","protected":false},"excerpt":{"rendered":"<p>Das CleanCard Flattening Kit sorgt f\u00fcr eine kontrollierte Befeuchtung, um die Fasern der Karte zu entspannen, so dass durch den Druck Biegungen sicher gegl\u00e4ttet, Falten aufgeweicht und kleinere Dellen auf der Oberfl\u00e4che reduziert werden k\u00f6nnen.<\/p>","protected":false},"featured_media":1354,"template":"","meta":{"inline_featured_image":false},"product_brand":[43],"product_cat":[36,28],"product_tag":[],"badge":[],"class_list":{"0":"post-1346","1":"product","2":"type-product","3":"status-publish","4":"has-post-thumbnail","6":"product_brand-cleancard","7":"product_cat-pokemon-card-flattening","8":"product_cat-pokemon-card-restoration","10":"first","11":"onbackorder","12":"shipping-taxable","13":"purchasable","14":"product-type-simple"},"_links":{"self":[{"href":"https:\/\/cleancard.eu\/de\/wp-json\/wp\/v2\/product\/1346","targetHints":{"allow":["GET"]}}],"collection":[{"href":"https:\/\/cleancard.eu\/de\/wp-json\/wp\/v2\/product"}],"about":[{"href":"https:\/\/cleancard.eu\/de\/wp-json\/wp\/v2\/types\/product"}],"version-history":[{"count":4,"href":"https:\/\/cleancard.eu\/de\/wp-json\/wp\/v2\/product\/1346\/revisions"}],"predecessor-version":[{"id":1562,"href":"https:\/\/cleancard.eu\/de\/wp-json\/wp\/v2\/product\/1346\/revisions\/1562"}],"wp:featuredmedia":[{"embeddable":true,"href":"https:\/\/cleancard.eu\/de\/wp-json\/wp\/v2\/media\/1354"}],"wp:attachment":[{"href":"https:\/\/cleancard.eu\/de\/wp-json\/wp\/v2\/media?parent=1346"}],"wp:term":[{"taxonomy":"product_brand","embeddable":true,"href":"https:\/\/cleancard.eu\/de\/wp-json\/wp\/v2\/product_brand?post=1346"},{"taxonomy":"product_cat","embeddable":true,"href":"https:\/\/cleancard.eu\/de\/wp-json\/wp\/v2\/product_cat?post=1346"},{"taxonomy":"product_tag","embeddable":true,"href":"https:\/\/cleancard.eu\/de\/wp-json\/wp\/v2\/product_tag?post=1346"},{"taxonomy":"badge","embeddable":true,"href":"https:\/\/cleancard.eu\/de\/wp-json\/wp\/v2\/badge?post=1346"}],"curies":[{"name":"wp","href":"https:\/\/api.w.org\/{rel}","templated":true}]}}