{"id":458,"date":"2025-12-07T17:51:24","date_gmt":"2025-12-07T17:51:24","guid":{"rendered":"https:\/\/cleancard.eu\/?post_type=product&#038;p=458"},"modified":"2026-04-17T17:46:49","modified_gmt":"2026-04-17T17:46:49","slug":"complete-pokemon-card-restoration-cleaning-kit","status":"publish","type":"product","link":"https:\/\/cleancard.eu\/de\/shop\/komplettes-pokemon-karten-restaurationsset-und-pokemon-karten-reinigungsset\/","title":{"rendered":"Komplettes Set f\u00fcr die Restaurierung von Pokemon-Karten"},"content":{"rendered":"<div class=\"product-box product-text\">\n<h2 class=\"section-title-product\">\ud83d\udce6 Inhalt des Kits<\/h2>\n<ul class=\"product-list\">\n<li><span class=\"item-title\">\ud83d\udca7 1 Cleancard Reinigungsspray (30 ml)<\/span><br \/>\nEine sanfte Formel, die Staub, Verunreinigungen, Fett und Flecken sicher entfernt und gleichzeitig die Druckqualit\u00e4t bewahrt.<\/li>\n<li><span class=\"item-title\">\ud83d\udc8e 1 Cleancard-Glanz-Gel (30 ml)<\/span><br \/>\nFrischt Farben und holografische Bereiche auf, stellt den Glanz wieder her und reduziert Mikrokratzer, ohne R\u00fcckst\u00e4nde zu hinterlassen.<\/li>\n<li><span class=\"item-title\">\ud83e\uddf1 2 Acrylscheiben<\/span><br \/>\nBietet eine starre, flache Oberfl\u00e4che, um die Karte w\u00e4hrend des Befeuchtens und Gl\u00e4ttens zu stabilisieren.<\/li>\n<li><span class=\"item-title\">\ud83d\udd17 4 weiche Klemmb\u00fcgel<\/span><br \/>\n\u00dcbt einen festen, gleichm\u00e4\u00dfigen Druck zwischen Acrylplatten aus, um die Karte zu gl\u00e4tten.<\/li>\n<li><span class=\"item-title\">\ud83e\uddfd 2 Schaumstoffpads<\/span><br \/>\nLeichter Druck f\u00fcr sicheres Abflachen und kontrollierte Befeuchtung mit dem Spray.<\/li>\n<li><span class=\"item-title\">\ud83e\udeb6 10 Pr\u00e4zisions-Wattest\u00e4bchen<\/span><br \/>\nIdeal zum Entfernen von eingetrockneten Flecken oder hartn\u00e4ckigen Spuren in pr\u00e4zisen Bereichen.<\/li>\n<li><span class=\"item-title\">\ud83e\udde4 1 Paar Handschuhe<\/span><br \/>\nVerhindert Fingerabdr\u00fccke und Fett\u00fcbertragungen.<\/li>\n<li><span class=\"item-title\">\ud83e\ude84 5 Ultra-weiche Gel-Applikatorst\u00e4bchen<\/span><br \/>\nSorgt f\u00fcr einen reibungslosen und gleichm\u00e4\u00dfigen Auftrag des Glanzgels.<\/li>\n<li><span class=\"item-title\">\ud83e\uddf4 2 Mikrofaser-Pads<\/span><br \/>\nF\u00fcr eine sichere und gleichm\u00e4\u00dfige Anwendung des Reinigungssprays.<\/li>\n<li><span class=\"item-title\">\ud83e\uddfc 2 Mikrofaser-Handt\u00fccher<\/span><br \/>\nZum Trocknen der Karte nach der Reinigung oder bei \u00fcbersch\u00fcssiger Befeuchtung sowie zum Entfernen des Glanzgels nach der Anwendung.<\/li>\n<li><span class=\"item-title\">\ud83d\udc8c 5 Sleeves<\/span><br \/>\nF\u00fcr das Trockenpressen ohne Schaumstoffpads und zur Verwendung mit dem Faltwerkzeug.<\/li>\n<li><span class=\"item-title\">\ud83d\udccf 1 Werkzeug f\u00fcr Falten und Vertiefungen<\/span><br \/>\nGl\u00e4ttet und gl\u00e4ttet kleinere Biegungen mit Pr\u00e4zision.<\/li>\n<\/ul>\n<\/div>","protected":false},"excerpt":{"rendered":"<p>Ein komplettes All-in-One-Pokemon-Karten-Restaurationskit zum Reinigen, Restaurieren und Reparieren Ihrer Karten.<\/p>\n<p>Entfernt wirksam eingebettete Flecken, stellt den Glanz wieder her und hilft bei der Reparatur von Verformungen, Dellen und Oberfl\u00e4chensch\u00e4den.<\/p>\n<p>Kompatibel mit allen TCGs, einschlie\u00dflich One Piece, Magic, Yu-Gi-Oh! und Sportkarten.<br data-start=\"290\" data-end=\"293\" \/>Perfekt f\u00fcr die Vorbereitung vor dem Grading (PSA, PCA, CGC, Beckett, CCC), um Ihnen zu helfen, Ihre Karten zu verbessern.<\/p>\n<p>Kaufen Sie Karten zu einem g\u00fcnstigen Preis, restaurieren Sie sie und steigern Sie ihren Wert f\u00fcr Ihre Sammlung oder den Weiterverkauf.<\/p>","protected":false},"featured_media":1170,"template":"","meta":{"inline_featured_image":false},"product_brand":[43],"product_cat":[35,28],"product_tag":[47],"badge":[46],"class_list":{"0":"post-458","1":"product","2":"type-product","3":"status-publish","4":"has-post-thumbnail","6":"product_brand-cleancard","7":"product_cat-pokemon-card-restoration-kit","8":"product_cat-pokemon-card-restoration","9":"product_tag-bestseller","10":"badge-bestseller","12":"first","13":"onbackorder","14":"shipping-taxable","15":"purchasable","16":"product-type-simple"},"_links":{"self":[{"href":"https:\/\/cleancard.eu\/de\/wp-json\/wp\/v2\/product\/458","targetHints":{"allow":["GET"]}}],"collection":[{"href":"https:\/\/cleancard.eu\/de\/wp-json\/wp\/v2\/product"}],"about":[{"href":"https:\/\/cleancard.eu\/de\/wp-json\/wp\/v2\/types\/product"}],"version-history":[{"count":21,"href":"https:\/\/cleancard.eu\/de\/wp-json\/wp\/v2\/product\/458\/revisions"}],"predecessor-version":[{"id":943,"href":"https:\/\/cleancard.eu\/de\/wp-json\/wp\/v2\/product\/458\/revisions\/943"}],"wp:featuredmedia":[{"embeddable":true,"href":"https:\/\/cleancard.eu\/de\/wp-json\/wp\/v2\/media\/1170"}],"wp:attachment":[{"href":"https:\/\/cleancard.eu\/de\/wp-json\/wp\/v2\/media?parent=458"}],"wp:term":[{"taxonomy":"product_brand","embeddable":true,"href":"https:\/\/cleancard.eu\/de\/wp-json\/wp\/v2\/product_brand?post=458"},{"taxonomy":"product_cat","embeddable":true,"href":"https:\/\/cleancard.eu\/de\/wp-json\/wp\/v2\/product_cat?post=458"},{"taxonomy":"product_tag","embeddable":true,"href":"https:\/\/cleancard.eu\/de\/wp-json\/wp\/v2\/product_tag?post=458"},{"taxonomy":"badge","embeddable":true,"href":"https:\/\/cleancard.eu\/de\/wp-json\/wp\/v2\/badge?post=458"}],"curies":[{"name":"wp","href":"https:\/\/api.w.org\/{rel}","templated":true}]}}