{"id":597,"date":"2026-01-05T22:28:47","date_gmt":"2026-01-05T22:28:47","guid":{"rendered":"https:\/\/cleancard.eu\/?post_type=product&#038;p=597"},"modified":"2026-04-14T18:24:31","modified_gmt":"2026-04-14T18:24:31","slug":"pokemon-card-cleaning-shine-restoration-kit","status":"publish","type":"product","link":"https:\/\/cleancard.eu\/de\/shop\/glanzgel-und-reinigungsspray-set-fur-pokemon-karten\/","title":{"rendered":"Pok\u00e9mon Karten-Refurbishment-Kit"},"content":{"rendered":"<div class=\"product-box product-text\">\n<h2 class=\"section-title-product\">\ud83d\udce6 Inhalt des Kits<\/h2>\n<ul class=\"product-list\">\n<li><span class=\"item-title\">\ud83d\udca7 1 Cleancard Reinigungsspray (30 ml)<\/span><br \/>\nEine sanfte Formel, die Staub, Verunreinigungen, Fett und Flecken sicher entfernt und gleichzeitig die Druckqualit\u00e4t bewahrt.<\/li>\n<li><span class=\"item-title\">\ud83d\udc8e 1 Cleancard-Glanz-Gel (30 ml)<\/span><br \/>\nFrischt Farben und holografische Bereiche auf, stellt den Glanz wieder her und reduziert Mikrokratzer, ohne R\u00fcckst\u00e4nde zu hinterlassen.<\/li>\n<li><span class=\"item-title\">\ud83e\udeb6 10 Pr\u00e4zisions-Wattest\u00e4bchen<\/span><br \/>\nIdeal zum Entfernen von eingetrockneten Flecken oder hartn\u00e4ckigen Spuren in pr\u00e4zisen Bereichen.<\/li>\n<li><span class=\"item-title\">\ud83e\ude84 5 Ultra-weiche Gel-Applikatorst\u00e4bchen<\/span><br \/>\nSorgt f\u00fcr einen reibungslosen und gleichm\u00e4\u00dfigen Auftrag des Glanzgels.<\/li>\n<li><span class=\"item-title\">\ud83e\uddf4 1 Mikrofaser-Pads<\/span><br \/>\nF\u00fcr eine sichere und gleichm\u00e4\u00dfige Anwendung des Reinigungssprays.<\/li>\n<li><span class=\"item-title\">\ud83e\uddfc 1 Mikrofaser-Handt\u00fccher<\/span><br \/>\nZum Trocknen der Karte nach der Reinigung oder bei \u00fcbersch\u00fcssiger Befeuchtung sowie zum Entfernen des Glanzgels nach der Anwendung.<\/li>\n<\/ul>\n<\/div>","protected":false},"excerpt":{"rendered":"<p>Dieses Kit enth\u00e4lt ein Reinigungsspray, ein Glanzgel und spezielles Zubeh\u00f6r, um das Erscheinungsbild der Karten sicher zu verbessern und die visuelle Qualit\u00e4t zu maximieren.<\/p>\n<p>\ud83e\uddfc Das Reinigungsspray verf\u00fcgt \u00fcber eine milde Formel, die entwickelt wurde, um Fett, Staub, Fingerabdr\u00fccke und oberfl\u00e4chliche Flecken sicher zu entfernen, ohne die Kartenoberfl\u00e4che zu besch\u00e4digen.<br \/>\n\u2728 Das Glanz-Gel entfernt Mikrokratzer, stellt den holografischen Glanz wieder her und frischt die Farben der Karte auf \u2013 f\u00fcr ein saubereres und strahlenderes Ergebnis.<\/p>\n<p>Entwickelt f\u00fcr Sammler und Wiederverk\u00e4ufer, die Karten g\u00fcnstiger kaufen, ihr Erscheinungsbild wiederherstellen und eine hochwertige Sammlung aufbauen oder Karten zu einem h\u00f6heren Preis weiterverkaufen m\u00f6chten. Grading-kompatibel hilft dieses Kit, den visuellen Zustand zu verbessern, um bessere Bewertungsergebnisse anzustreben.<\/p>","protected":false},"featured_media":1343,"template":"","meta":{"inline_featured_image":false},"product_brand":[43],"product_cat":[28,35],"product_tag":[],"badge":[46],"class_list":{"0":"post-597","1":"product","2":"type-product","3":"status-publish","4":"has-post-thumbnail","6":"product_brand-cleancard","7":"product_cat-pokemon-card-restoration","8":"product_cat-pokemon-card-restoration-kit","9":"badge-bestseller","11":"first","12":"instock","13":"shipping-taxable","14":"purchasable","15":"product-type-simple"},"_links":{"self":[{"href":"https:\/\/cleancard.eu\/de\/wp-json\/wp\/v2\/product\/597","targetHints":{"allow":["GET"]}}],"collection":[{"href":"https:\/\/cleancard.eu\/de\/wp-json\/wp\/v2\/product"}],"about":[{"href":"https:\/\/cleancard.eu\/de\/wp-json\/wp\/v2\/types\/product"}],"version-history":[{"count":16,"href":"https:\/\/cleancard.eu\/de\/wp-json\/wp\/v2\/product\/597\/revisions"}],"predecessor-version":[{"id":1559,"href":"https:\/\/cleancard.eu\/de\/wp-json\/wp\/v2\/product\/597\/revisions\/1559"}],"wp:featuredmedia":[{"embeddable":true,"href":"https:\/\/cleancard.eu\/de\/wp-json\/wp\/v2\/media\/1343"}],"wp:attachment":[{"href":"https:\/\/cleancard.eu\/de\/wp-json\/wp\/v2\/media?parent=597"}],"wp:term":[{"taxonomy":"product_brand","embeddable":true,"href":"https:\/\/cleancard.eu\/de\/wp-json\/wp\/v2\/product_brand?post=597"},{"taxonomy":"product_cat","embeddable":true,"href":"https:\/\/cleancard.eu\/de\/wp-json\/wp\/v2\/product_cat?post=597"},{"taxonomy":"product_tag","embeddable":true,"href":"https:\/\/cleancard.eu\/de\/wp-json\/wp\/v2\/product_tag?post=597"},{"taxonomy":"badge","embeddable":true,"href":"https:\/\/cleancard.eu\/de\/wp-json\/wp\/v2\/badge?post=597"}],"curies":[{"name":"wp","href":"https:\/\/api.w.org\/{rel}","templated":true}]}}