{"id":1413,"date":"2026-01-25T20:25:40","date_gmt":"2026-01-25T20:25:40","guid":{"rendered":"https:\/\/cleancard.eu\/?page_id=1413"},"modified":"2026-01-25T20:27:06","modified_gmt":"2026-01-25T20:27:06","slug":"shipping","status":"publish","type":"page","link":"https:\/\/cleancard.eu\/es\/envio\/","title":{"rendered":"Env\u00edo"},"content":{"rendered":"<div data-elementor-type=\"wp-page\" data-elementor-id=\"1413\" class=\"elementor elementor-1413\" data-elementor-post-type=\"page\">\n\t\t\t\t<div class=\"elementor-element elementor-element-c654206 e-flex e-con-boxed e-con e-parent\" data-id=\"c654206\" data-element_type=\"container\" data-settings=\"{&quot;background_background&quot;:&quot;classic&quot;}\">\n\t\t\t\t\t<div class=\"e-con-inner\">\n\t\t\t\t<div class=\"elementor-element elementor-element-25397ad elementor-widget elementor-widget-heading\" data-id=\"25397ad\" data-element_type=\"widget\" data-widget_type=\"heading.default\">\n\t\t\t\t\t<h1 class=\"elementor-heading-title elementor-size-default\">Env\u00edo<\/h1>\t\t\t\t<\/div>\n\t\t\t\t<div class=\"elementor-element elementor-element-527e6a4 elementor-widget elementor-widget-text-editor\" data-id=\"527e6a4\" data-element_type=\"widget\" data-widget_type=\"text-editor.default\">\n\t\t\t\t\t\t\t\t\t<p data-start=\"311\" data-end=\"405\">Realizamos env\u00edos a todos los pa\u00edses de la Uni\u00f3n Europea.<br data-start=\"362\" data-end=\"365\" \/>Todos los productos se env\u00edan desde Francia.<\/p><p data-start=\"407\" data-end=\"505\">Los pedidos se env\u00edan en un plazo de <strong data-start=\"433\" data-end=\"454\">24 horas laborables<\/strong>, en funci\u00f3n del plazo de pedido y de la disponibilidad del producto.<\/p><p data-start=\"507\" data-end=\"711\">Para garantizar unos precios de env\u00edo asequibles, nuestro principal m\u00e9todo de entrega es a trav\u00e9s de <strong data-start=\"580\" data-end=\"597\">Relevo Mondial<\/strong>, utilizando los puntos de recogida y los armarios de paqueter\u00eda.<br data-start=\"638\" data-end=\"641\" \/>Tambi\u00e9n puede haber opciones de entrega a domicilio seg\u00fan el pa\u00eds.<\/p><p data-start=\"713\" data-end=\"797\">Las empresas de transporte y los m\u00e9todos de entrega disponibles pueden variar en funci\u00f3n del destino.<\/p><p data-start=\"799\" data-end=\"824\">Tiempo estimado de entrega:<\/p><ul data-start=\"825\" data-end=\"1003\"><li data-start=\"825\" data-end=\"883\"><p data-start=\"827\" data-end=\"883\"><strong data-start=\"827\" data-end=\"838\">Francia:<\/strong> normalmente 2-3 d\u00edas laborables despu\u00e9s del env\u00edo<\/p><\/li><li data-start=\"884\" data-end=\"1003\"><p data-start=\"886\" data-end=\"1003\"><strong data-start=\"886\" data-end=\"905\">Uni\u00f3n Europea:<\/strong> normalmente de 5 a 10 d\u00edas laborables despu\u00e9s del env\u00edo, dependiendo de la distancia y del m\u00e9todo de entrega seleccionado<\/p><\/li><\/ul><p data-start=\"1005\" data-end=\"1094\">Los plazos de entrega son indicativos y pueden variar en funci\u00f3n del transportista y de factores externos.<\/p><p data-start=\"1096\" data-end=\"1316\">Si no hay ning\u00fan m\u00e9todo de env\u00edo disponible para su pa\u00eds al realizar el pago, p\u00f3ngase en contacto con nuestro equipo.<br data-start=\"1185\" data-end=\"1188\" \/>Puede que sea uno de los primeros clientes de su pa\u00eds, y configuraremos la soluci\u00f3n de env\u00edo adecuada para su pedido.<\/p><p data-start=\"1318\" data-end=\"1484\">Si encuentra alg\u00fan problema o error durante el c\u00e1lculo de los gastos de env\u00edo o el proceso de pago, notif\u00edquelo para que nuestro equipo pueda resolver el problema lo antes posible.<\/p>\t\t\t\t\t\t\t\t<\/div>\n\t\t\t\t\t<\/div>\n\t\t\t\t<\/div>\n\t\t\t\t<\/div>","protected":false},"excerpt":{"rendered":"<p>Shipping We ship to all countries within the European Union.All products are dispatched from France. Orders are shipped within 24 business hours, depending on order time and product availability. To ensure affordable shipping prices, our primary delivery method is via Mondial Relay, using pickup points and parcel lockers.Home delivery options may also be available depending [&hellip;]<\/p>","protected":false},"author":2,"featured_media":0,"parent":0,"menu_order":0,"comment_status":"closed","ping_status":"closed","template":"","meta":{"inline_featured_image":false,"footnotes":""},"folder":[],"class_list":["post-1413","page","type-page","status-publish","hentry"],"_hostinger_reach_plugin_has_subscription_block":false,"_hostinger_reach_plugin_is_elementor":false,"_links":{"self":[{"href":"https:\/\/cleancard.eu\/es\/wp-json\/wp\/v2\/pages\/1413","targetHints":{"allow":["GET"]}}],"collection":[{"href":"https:\/\/cleancard.eu\/es\/wp-json\/wp\/v2\/pages"}],"about":[{"href":"https:\/\/cleancard.eu\/es\/wp-json\/wp\/v2\/types\/page"}],"author":[{"embeddable":true,"href":"https:\/\/cleancard.eu\/es\/wp-json\/wp\/v2\/users\/2"}],"replies":[{"embeddable":true,"href":"https:\/\/cleancard.eu\/es\/wp-json\/wp\/v2\/comments?post=1413"}],"version-history":[{"count":4,"href":"https:\/\/cleancard.eu\/es\/wp-json\/wp\/v2\/pages\/1413\/revisions"}],"predecessor-version":[{"id":1501,"href":"https:\/\/cleancard.eu\/es\/wp-json\/wp\/v2\/pages\/1413\/revisions\/1501"}],"wp:attachment":[{"href":"https:\/\/cleancard.eu\/es\/wp-json\/wp\/v2\/media?parent=1413"}],"wp:term":[{"taxonomy":"folder","embeddable":true,"href":"https:\/\/cleancard.eu\/es\/wp-json\/wp\/v2\/folder?post=1413"}],"curies":[{"name":"wp","href":"https:\/\/api.w.org\/{rel}","templated":true}]}}