{"id":1171,"date":"2026-01-16T22:45:14","date_gmt":"2026-01-16T22:45:14","guid":{"rendered":"https:\/\/cleancard.eu\/?post_type=product&#038;p=1171"},"modified":"2026-04-03T14:56:20","modified_gmt":"2026-04-03T14:56:20","slug":"pokemon-card-shine-gel-restoration","status":"publish","type":"product","link":"https:\/\/cleancard.eu\/es\/shop\/tarjeta-pokemon-brillo-gel-restauracion\/","title":{"rendered":"Gel de brillo para cartas Pokemon"},"content":{"rendered":"<div class=\"product-box product-text\">\n<h2 class=\"section-title-product\">\ud83d\udce6 Contenido del kit<\/h2>\n<ul class=\"product-list\">\n<li><span class=\"item-title\">\ud83d\udc8e 1 Gel de brillo CleanCard (30 ml)<\/span><br \/>\nRealza los colores y los efectos hologr\u00e1ficos, restaura el brillo y reduce los microara\u00f1azos sin dejar residuos.<\/li>\n<li><span class=\"item-title\">\ud83e\ude84 5 sticks aplicadores de gel ultrasuave.<\/span><br \/>\nGarantiza una aplicaci\u00f3n suave y uniforme del Gel Brillo.<\/li>\n<li><span class=\"item-title\">\ud83e\uddfc 1 Toallas de microfibra<\/span><br \/>\nPara eliminar el exceso de gel de brillo despu\u00e9s de la aplicaci\u00f3n<\/li>\n<\/ul>\n<\/div>","protected":false},"excerpt":{"rendered":"<p>El Card Shine Gel est\u00e1 dise\u00f1ado para el cuidado de las tarjetas: elimina la aparici\u00f3n de microara\u00f1azos, reaviva los colores y devuelve el brillo a las zonas hologr\u00e1ficas.<br \/>\nRealza la claridad del color y devuelve un acabado suave y brillante sin dejar residuos.<\/p>\n<p>La f\u00f3rmula se aplica como una capa protectora fina y uniforme que conserva los detalles de la impresi\u00f3n y la textura de la superficie.<\/p>\n<p>Compatible con la clasificaci\u00f3n.<\/p>","protected":false},"featured_media":1172,"template":"","meta":{"inline_featured_image":false},"product_brand":[43],"product_cat":[28,32],"product_tag":[],"badge":[],"class_list":{"0":"post-1171","1":"product","2":"type-product","3":"status-publish","4":"has-post-thumbnail","6":"product_brand-cleancard","7":"product_cat-pokemon-card-restoration","8":"product_cat-pokemon-card-surface-care","10":"first","11":"onbackorder","12":"shipping-taxable","13":"purchasable","14":"product-type-simple"},"_links":{"self":[{"href":"https:\/\/cleancard.eu\/es\/wp-json\/wp\/v2\/product\/1171","targetHints":{"allow":["GET"]}}],"collection":[{"href":"https:\/\/cleancard.eu\/es\/wp-json\/wp\/v2\/product"}],"about":[{"href":"https:\/\/cleancard.eu\/es\/wp-json\/wp\/v2\/types\/product"}],"version-history":[{"count":7,"href":"https:\/\/cleancard.eu\/es\/wp-json\/wp\/v2\/product\/1171\/revisions"}],"predecessor-version":[{"id":1560,"href":"https:\/\/cleancard.eu\/es\/wp-json\/wp\/v2\/product\/1171\/revisions\/1560"}],"wp:featuredmedia":[{"embeddable":true,"href":"https:\/\/cleancard.eu\/es\/wp-json\/wp\/v2\/media\/1172"}],"wp:attachment":[{"href":"https:\/\/cleancard.eu\/es\/wp-json\/wp\/v2\/media?parent=1171"}],"wp:term":[{"taxonomy":"product_brand","embeddable":true,"href":"https:\/\/cleancard.eu\/es\/wp-json\/wp\/v2\/product_brand?post=1171"},{"taxonomy":"product_cat","embeddable":true,"href":"https:\/\/cleancard.eu\/es\/wp-json\/wp\/v2\/product_cat?post=1171"},{"taxonomy":"product_tag","embeddable":true,"href":"https:\/\/cleancard.eu\/es\/wp-json\/wp\/v2\/product_tag?post=1171"},{"taxonomy":"badge","embeddable":true,"href":"https:\/\/cleancard.eu\/es\/wp-json\/wp\/v2\/badge?post=1171"}],"curies":[{"name":"wp","href":"https:\/\/api.w.org\/{rel}","templated":true}]}}