{"id":1186,"date":"2026-01-16T23:12:29","date_gmt":"2026-01-16T23:12:29","guid":{"rendered":"https:\/\/cleancard.eu\/?post_type=product&#038;p=1186"},"modified":"2026-04-03T11:42:49","modified_gmt":"2026-04-03T11:42:49","slug":"pokemon-card-cleaning-spray","status":"publish","type":"product","link":"https:\/\/cleancard.eu\/es\/shop\/spray-limpiador-de-cartas-pokemon\/","title":{"rendered":"Spray limpiador de cartas Pokemon"},"content":{"rendered":"<div class=\"product-box product-text\">\n<h2 class=\"section-title-product\">\ud83d\udce6 Contenido del kit<\/h2>\n<ul class=\"product-list\">\n<li><span class=\"item-title\">\ud83d\udca7 1 spray limpiador Cleancard (30 ml)<\/span><br \/>\nUna f\u00f3rmula suave dise\u00f1ada para eliminar de forma segura el polvo, las impurezas, la grasa y las manchas, preservando al mismo tiempo la calidad de impresi\u00f3n.<\/li>\n<li><span class=\"item-title\">\ud83e\udeb6 10 bastoncillos de algod\u00f3n de precisi\u00f3n<\/span><br \/>\nIdeal para eliminar manchas incrustadas o marcas dif\u00edciles en zonas detalladas.<\/li>\n<li><span class=\"item-title\">\ud83e\uddf4 1 Almohadillas de microfibra<\/span><br \/>\nPara un uso seguro y uniforme del spray limpiador.<\/li>\n<li><span class=\"item-title\">\ud83e\uddfc 1 Toallas de microfibra<\/span><br \/>\nPara el secado final, utilice un pa\u00f1o suave que no raye<\/li>\n<\/ul>\n<\/div>","protected":false},"excerpt":{"rendered":"<p>El Spray Limpiador de Cartas Pokemon elimina de forma segura la grasa, las huellas dactilares, el polvo, las manchas superficiales y ciertas marcas de tinta de bol\u00edgrafo de las cartas coleccionables. Su f\u00f3rmula suave y de secado r\u00e1pido proporciona una humedad controlada para eliminar las impurezas sin sobresaturar la tarjeta ni da\u00f1ar la calidad de impresi\u00f3n, los bordes o la textura de la superficie.<\/p>\n<p>Proporciona una humidificaci\u00f3n controlada para relajar las fibras de la tarjeta, lo que permite corregir dobleces y abolladuras cuando se utiliza con el kit y las herramientas de aplanado.<\/p>","protected":false},"featured_media":1341,"template":"","meta":{"inline_featured_image":false},"product_brand":[43],"product_cat":[33,28],"product_tag":[],"badge":[],"class_list":{"0":"post-1186","1":"product","2":"type-product","3":"status-publish","4":"has-post-thumbnail","6":"product_brand-cleancard","7":"product_cat-pokemon-card-cleaning","8":"product_cat-pokemon-card-restoration","10":"first","11":"instock","12":"shipping-taxable","13":"purchasable","14":"product-type-simple"},"_links":{"self":[{"href":"https:\/\/cleancard.eu\/es\/wp-json\/wp\/v2\/product\/1186","targetHints":{"allow":["GET"]}}],"collection":[{"href":"https:\/\/cleancard.eu\/es\/wp-json\/wp\/v2\/product"}],"about":[{"href":"https:\/\/cleancard.eu\/es\/wp-json\/wp\/v2\/types\/product"}],"version-history":[{"count":13,"href":"https:\/\/cleancard.eu\/es\/wp-json\/wp\/v2\/product\/1186\/revisions"}],"predecessor-version":[{"id":1561,"href":"https:\/\/cleancard.eu\/es\/wp-json\/wp\/v2\/product\/1186\/revisions\/1561"}],"wp:featuredmedia":[{"embeddable":true,"href":"https:\/\/cleancard.eu\/es\/wp-json\/wp\/v2\/media\/1341"}],"wp:attachment":[{"href":"https:\/\/cleancard.eu\/es\/wp-json\/wp\/v2\/media?parent=1186"}],"wp:term":[{"taxonomy":"product_brand","embeddable":true,"href":"https:\/\/cleancard.eu\/es\/wp-json\/wp\/v2\/product_brand?post=1186"},{"taxonomy":"product_cat","embeddable":true,"href":"https:\/\/cleancard.eu\/es\/wp-json\/wp\/v2\/product_cat?post=1186"},{"taxonomy":"product_tag","embeddable":true,"href":"https:\/\/cleancard.eu\/es\/wp-json\/wp\/v2\/product_tag?post=1186"},{"taxonomy":"badge","embeddable":true,"href":"https:\/\/cleancard.eu\/es\/wp-json\/wp\/v2\/badge?post=1186"}],"curies":[{"name":"wp","href":"https:\/\/api.w.org\/{rel}","templated":true}]}}