{"id":1590,"date":"2026-02-27T23:06:11","date_gmt":"2026-02-27T23:06:11","guid":{"rendered":"https:\/\/cleancard.eu\/?post_type=product&#038;p=1590"},"modified":"2026-04-03T11:42:49","modified_gmt":"2026-04-03T11:42:49","slug":"heat-foil-pen-kit-for-tcg","status":"publish","type":"product","link":"https:\/\/cleancard.eu\/es\/shop\/kit-de-rotuladores-termicos-para-tcg\/","title":{"rendered":"Kit de rotuladores t\u00e9rmicos"},"content":{"rendered":"<div class=\"product-box product-text\">\n<h2 class=\"section-title-product\">\ud83d\udce6 Contenido del kit<\/h2>\n<ul class=\"product-list\">\n<li><span class=\"item-title\">\ud83d\udd25 1 Bol\u00edgrafo de l\u00e1mina t\u00e9rmica<\/span><br \/>\nUna herramienta de calentamiento de precisi\u00f3n dise\u00f1ada espec\u00edficamente para alisar las arrugas y restaurar la superficie de sus tarjetas.<\/li>\n<li><span class=\"item-title\">\ud83d\udee1\ufe0f 2 L\u00e1minas t\u00e9rmicas ultratransparentes<\/span><br \/>\nBarreras protectoras de alta claridad que permiten una visibilidad perfecta al tiempo que evitan da\u00f1os por calor directo o cicatrices en la tarjeta.<\/li>\n<li><span class=\"item-title\">\u26a1 1 Cable de carga USB para bol\u00edgrafo de l\u00e1mina t\u00e9rmica<\/span><br \/>\nUna soluci\u00f3n de alimentaci\u00f3n universal que garantiza que su Heat Foil Pen est\u00e9 siempre listo para el trabajo de restauraci\u00f3n, en cualquier lugar.<\/li>\n<\/ul>\n<\/div>","protected":false},"excerpt":{"rendered":"<p>El rotulador t\u00e9rmico TCG elimina las arrugas m\u00e1s rebeldes y vuelve a sellar los bordes y las esquinas de las tarjetas.<\/p>\n<p>Nuestras l\u00e1minas ultratransparentes resistentes al calor absorben el calor en lugar de la tarjeta. Protegen totalmente la superficie al tiempo que le ofrecen una visibilidad perfecta sobre su trabajo. El resultado est\u00e1 listo para la clasificaci\u00f3n.<\/p>\n<p>\u26a0\ufe0fWarning: la maestr\u00eda requiere pr\u00e1ctica. Debes practicar con cartas de poco valor para controlar el calor y la presi\u00f3n antes de tocar tus piezas raras. Herramienta de calentamiento. No apto para ni\u00f1os.<\/p>","protected":false},"featured_media":1593,"template":"","meta":{"inline_featured_image":false},"product_brand":[43],"product_cat":[28,36],"product_tag":[],"badge":[],"class_list":{"0":"post-1590","1":"product","2":"type-product","3":"status-publish","4":"has-post-thumbnail","6":"product_brand-cleancard","7":"product_cat-pokemon-card-restoration","8":"product_cat-pokemon-card-flattening","10":"first","11":"instock","12":"shipping-taxable","13":"purchasable","14":"product-type-simple"},"_links":{"self":[{"href":"https:\/\/cleancard.eu\/es\/wp-json\/wp\/v2\/product\/1590","targetHints":{"allow":["GET"]}}],"collection":[{"href":"https:\/\/cleancard.eu\/es\/wp-json\/wp\/v2\/product"}],"about":[{"href":"https:\/\/cleancard.eu\/es\/wp-json\/wp\/v2\/types\/product"}],"version-history":[{"count":5,"href":"https:\/\/cleancard.eu\/es\/wp-json\/wp\/v2\/product\/1590\/revisions"}],"predecessor-version":[{"id":1601,"href":"https:\/\/cleancard.eu\/es\/wp-json\/wp\/v2\/product\/1590\/revisions\/1601"}],"wp:featuredmedia":[{"embeddable":true,"href":"https:\/\/cleancard.eu\/es\/wp-json\/wp\/v2\/media\/1593"}],"wp:attachment":[{"href":"https:\/\/cleancard.eu\/es\/wp-json\/wp\/v2\/media?parent=1590"}],"wp:term":[{"taxonomy":"product_brand","embeddable":true,"href":"https:\/\/cleancard.eu\/es\/wp-json\/wp\/v2\/product_brand?post=1590"},{"taxonomy":"product_cat","embeddable":true,"href":"https:\/\/cleancard.eu\/es\/wp-json\/wp\/v2\/product_cat?post=1590"},{"taxonomy":"product_tag","embeddable":true,"href":"https:\/\/cleancard.eu\/es\/wp-json\/wp\/v2\/product_tag?post=1590"},{"taxonomy":"badge","embeddable":true,"href":"https:\/\/cleancard.eu\/es\/wp-json\/wp\/v2\/badge?post=1590"}],"curies":[{"name":"wp","href":"https:\/\/api.w.org\/{rel}","templated":true}]}}