{"id":597,"date":"2026-01-05T22:28:47","date_gmt":"2026-01-05T22:28:47","guid":{"rendered":"https:\/\/cleancard.eu\/?post_type=product&#038;p=597"},"modified":"2026-04-03T14:57:07","modified_gmt":"2026-04-03T14:57:07","slug":"pokemon-card-cleaning-shine-restoration-kit","status":"publish","type":"product","link":"https:\/\/cleancard.eu\/es\/shop\/kit-de-limpieza-brillo-y-restauracion-de-cartas-pokemon\/","title":{"rendered":"Kit de limpieza y abrillantado de cartas Pokemon"},"content":{"rendered":"<div class=\"product-box product-text\">\n<h2 class=\"section-title-product\">\ud83d\udce6 Contenido del kit<\/h2>\n<ul class=\"product-list\">\n<li><span class=\"item-title\">\ud83d\udca7 1 spray limpiador Cleancard (30 ml)<\/span><br \/>\nUna f\u00f3rmula suave dise\u00f1ada para eliminar de forma segura el polvo, las impurezas, la grasa y las manchas, preservando al mismo tiempo la calidad de impresi\u00f3n.<\/li>\n<li><span class=\"item-title\">\ud83d\udc8e 1 Gel Brillo Cleancard (30 ml)<\/span><br \/>\nRealza los colores y los efectos hologr\u00e1ficos, restaura el brillo y reduce los microara\u00f1azos sin dejar residuos.<\/li>\n<li><span class=\"item-title\">\ud83e\udeb6 10 bastoncillos de algod\u00f3n de precisi\u00f3n<\/span><br \/>\nIdeal para eliminar manchas incrustadas o marcas dif\u00edciles en zonas detalladas.<\/li>\n<li><span class=\"item-title\">\ud83e\ude84 5 sticks aplicadores de gel ultrasuave.<\/span><br \/>\nGarantiza una aplicaci\u00f3n suave y uniforme del Gel Brillo.<\/li>\n<li><span class=\"item-title\">\ud83e\uddf4 1 Almohadillas de microfibra<\/span><br \/>\nPara un uso seguro y uniforme del spray limpiador.<\/li>\n<li><span class=\"item-title\">\ud83e\uddfc 1 Toallas de microfibra<\/span><br \/>\nPara secar la tarjeta tras la limpieza o el exceso de humidificaci\u00f3n, y para eliminar el gel de brillo tras su aplicaci\u00f3n.<\/li>\n<\/ul>\n<\/div>","protected":false},"excerpt":{"rendered":"<p>Este kit incluye un spray limpiador, un gel abrillantador y accesorios espec\u00edficos para mejorar de forma segura el aspecto de las tarjetas y maximizar la calidad visual.<\/p>\n<p>\ud83e\uddfc El Spray Limpiador cuenta con una f\u00f3rmula suave dise\u00f1ada para eliminar con seguridad la grasa, el polvo, las huellas dactilares y las manchas superficiales sin da\u00f1ar la superficie de la tarjeta.<br \/>\n\u2728 El Gel Brillo elimina microara\u00f1azos, restaura el brillo de la l\u00e1mina holo y reaviva los colores de las tarjetas para un acabado m\u00e1s limpio y brillante.<\/p>\n<p>Dise\u00f1ado para coleccionistas y revendedores que quieren comprar cartas a un precio m\u00e1s bajo, restaurar su aspecto y construir una colecci\u00f3n de alta calidad por menos o revender cartas a un valor m\u00e1s alto. Compatible con la clasificaci\u00f3n, este kit tambi\u00e9n ayuda a mejorar la condici\u00f3n visual para aspirar a mejores resultados de clasificaci\u00f3n.<\/p>","protected":false},"featured_media":1343,"template":"","meta":{"inline_featured_image":false},"product_brand":[43],"product_cat":[28,35],"product_tag":[],"badge":[46],"class_list":{"0":"post-597","1":"product","2":"type-product","3":"status-publish","4":"has-post-thumbnail","6":"product_brand-cleancard","7":"product_cat-pokemon-card-restoration","8":"product_cat-pokemon-card-restoration-kit","9":"badge-bestseller","11":"first","12":"onbackorder","13":"shipping-taxable","14":"purchasable","15":"product-type-simple"},"_links":{"self":[{"href":"https:\/\/cleancard.eu\/es\/wp-json\/wp\/v2\/product\/597","targetHints":{"allow":["GET"]}}],"collection":[{"href":"https:\/\/cleancard.eu\/es\/wp-json\/wp\/v2\/product"}],"about":[{"href":"https:\/\/cleancard.eu\/es\/wp-json\/wp\/v2\/types\/product"}],"version-history":[{"count":16,"href":"https:\/\/cleancard.eu\/es\/wp-json\/wp\/v2\/product\/597\/revisions"}],"predecessor-version":[{"id":1559,"href":"https:\/\/cleancard.eu\/es\/wp-json\/wp\/v2\/product\/597\/revisions\/1559"}],"wp:featuredmedia":[{"embeddable":true,"href":"https:\/\/cleancard.eu\/es\/wp-json\/wp\/v2\/media\/1343"}],"wp:attachment":[{"href":"https:\/\/cleancard.eu\/es\/wp-json\/wp\/v2\/media?parent=597"}],"wp:term":[{"taxonomy":"product_brand","embeddable":true,"href":"https:\/\/cleancard.eu\/es\/wp-json\/wp\/v2\/product_brand?post=597"},{"taxonomy":"product_cat","embeddable":true,"href":"https:\/\/cleancard.eu\/es\/wp-json\/wp\/v2\/product_cat?post=597"},{"taxonomy":"product_tag","embeddable":true,"href":"https:\/\/cleancard.eu\/es\/wp-json\/wp\/v2\/product_tag?post=597"},{"taxonomy":"badge","embeddable":true,"href":"https:\/\/cleancard.eu\/es\/wp-json\/wp\/v2\/badge?post=597"}],"curies":[{"name":"wp","href":"https:\/\/api.w.org\/{rel}","templated":true}]}}