{"id":1171,"date":"2026-01-16T22:45:14","date_gmt":"2026-01-16T22:45:14","guid":{"rendered":"https:\/\/cleancard.eu\/?post_type=product&#038;p=1171"},"modified":"2026-04-08T10:10:52","modified_gmt":"2026-04-08T10:10:52","slug":"pokemon-card-shine-gel-restoration","status":"publish","type":"product","link":"https:\/\/cleancard.eu\/fr\/shop\/gel-brillance-holo-pour-cartes-pokemon\/","title":{"rendered":"Gel brillant pour cartes Pokemon"},"content":{"rendered":"<div class=\"product-box product-text\">\n<h2 class=\"section-title-product\">\ud83d\udce6 Contenu du kit<\/h2>\n<ul class=\"product-list\">\n<li><span class=\"item-title\">\ud83d\udc8e 1 Gel Billance CleanCard (30 ml)<\/span><br \/>\nRavive les couleurs et les zones holographiques, restaure la brillance et r\u00e9duit les micro-rayures, sans laisser de r\u00e9sidus.<\/li>\n<li><span class=\"item-title\">\ud83e\ude84 5 B\u00e2tonnets applicateurs de gel ultra-doux<\/span><br \/>\nAssure une application lisse et uniforme du gel brillance.<\/li>\n<li><span class=\"item-title\">\ud83e\uddfc 1 Serviette en microfibre<\/span><br \/>\nPour enlever l'exc\u00e8s de gel brillant apr\u00e8s l'application<\/li>\n<\/ul>\n<\/div>","protected":false},"excerpt":{"rendered":"<p>Le Shine Gel est con\u00e7u pour l\u2019entretien des cartes : il enl\u00e8ve les micro-rayures, ravive les couleurs et restaure la brillance des zones holographiques.<br \/>\nIl am\u00e9liore la clart\u00e9 des couleurs et redonne une finition lisse et brillante, sans laisser de r\u00e9sidu.<\/p>\n<p>La formule s\u2019applique en une couche protectrice fine et uniforme qui pr\u00e9serve les d\u00e9tails d\u2019impression et la texture de surface.<\/p>\n<p>Compatible avec le grading.<\/p>","protected":false},"featured_media":1172,"template":"","meta":{"inline_featured_image":false},"product_brand":[43],"product_cat":[28,32],"product_tag":[],"badge":[],"class_list":{"0":"post-1171","1":"product","2":"type-product","3":"status-publish","4":"has-post-thumbnail","6":"product_brand-cleancard","7":"product_cat-pokemon-card-restoration","8":"product_cat-pokemon-card-surface-care","10":"first","11":"instock","12":"shipping-taxable","13":"purchasable","14":"product-type-simple"},"_links":{"self":[{"href":"https:\/\/cleancard.eu\/fr\/wp-json\/wp\/v2\/product\/1171","targetHints":{"allow":["GET"]}}],"collection":[{"href":"https:\/\/cleancard.eu\/fr\/wp-json\/wp\/v2\/product"}],"about":[{"href":"https:\/\/cleancard.eu\/fr\/wp-json\/wp\/v2\/types\/product"}],"version-history":[{"count":7,"href":"https:\/\/cleancard.eu\/fr\/wp-json\/wp\/v2\/product\/1171\/revisions"}],"predecessor-version":[{"id":1560,"href":"https:\/\/cleancard.eu\/fr\/wp-json\/wp\/v2\/product\/1171\/revisions\/1560"}],"wp:featuredmedia":[{"embeddable":true,"href":"https:\/\/cleancard.eu\/fr\/wp-json\/wp\/v2\/media\/1172"}],"wp:attachment":[{"href":"https:\/\/cleancard.eu\/fr\/wp-json\/wp\/v2\/media?parent=1171"}],"wp:term":[{"taxonomy":"product_brand","embeddable":true,"href":"https:\/\/cleancard.eu\/fr\/wp-json\/wp\/v2\/product_brand?post=1171"},{"taxonomy":"product_cat","embeddable":true,"href":"https:\/\/cleancard.eu\/fr\/wp-json\/wp\/v2\/product_cat?post=1171"},{"taxonomy":"product_tag","embeddable":true,"href":"https:\/\/cleancard.eu\/fr\/wp-json\/wp\/v2\/product_tag?post=1171"},{"taxonomy":"badge","embeddable":true,"href":"https:\/\/cleancard.eu\/fr\/wp-json\/wp\/v2\/badge?post=1171"}],"curies":[{"name":"wp","href":"https:\/\/api.w.org\/{rel}","templated":true}]}}