{"id":1186,"date":"2026-01-16T23:12:29","date_gmt":"2026-01-16T23:12:29","guid":{"rendered":"https:\/\/cleancard.eu\/?post_type=product&#038;p=1186"},"modified":"2026-04-13T10:39:17","modified_gmt":"2026-04-13T10:39:17","slug":"pokemon-card-cleaning-spray","status":"publish","type":"product","link":"https:\/\/cleancard.eu\/fr\/shop\/spray-nettoyant-pour-cartes-pokemon\/","title":{"rendered":"Spray nettoyant pour cartes Pokemon"},"content":{"rendered":"<div class=\"product-box product-text\">\n<h2 class=\"section-title-product\">\ud83d\udce6 Contenu du kit<\/h2>\n<ul class=\"product-list\">\n<li><span class=\"item-title\">\ud83d\udca7 1 Spray nettoyant Cleancard (30 ml)<\/span><br \/>\nUne formule douce con\u00e7ue pour \u00e9liminer en toute s\u00e9curit\u00e9 la poussi\u00e8re, les impuret\u00e9s, la graisse et les taches tout en pr\u00e9servant la qualit\u00e9 d'impression.<\/li>\n<li><span class=\"item-title\">\ud83e\udeb6 10 cotons-tiges de pr\u00e9cision<\/span><br \/>\nId\u00e9al pour \u00e9liminer les taches incrust\u00e9es ou les marques tenaces dans des zones pr\u00e9cises.<\/li>\n<li><span class=\"item-title\">\ud83e\uddf4 1 Pad en microfibre<\/span><br \/>\nPour une utilisation s\u00fbre et uniforme du spray nettoyant.<\/li>\n<li><span class=\"item-title\">\ud83e\uddfc 1 Serviette en microfibre<\/span><br \/>\nPour le s\u00e9chage final, utiliser un chiffon doux et sans rayures.<\/li>\n<\/ul>\n<\/div>","protected":false},"excerpt":{"rendered":"<p>Le Spray nettoyant Cleancard \u00e9limine en toute s\u00e9curit\u00e9 les traces de graisse, les empreintes, la poussi\u00e8re, les taches de surface et certaines encres de stylo sur les cartes de collection. Sa formule douce \u00e0 s\u00e9chage rapide apporte une humidification contr\u00f4l\u00e9e pour retirer les impuret\u00e9s sans saturer la carte ni alt\u00e9rer la qualit\u00e9 d\u2019impression, les bords ou la texture de surface.<\/p>\n<p>Apporte une humidification contr\u00f4l\u00e9e qui assouplit les fibres des cartes, permettant de corriger plis et enfoncements lorsqu\u2019il est utilis\u00e9 avec le kit et les outils d\u2019aplatissement.<\/p>","protected":false},"featured_media":1341,"template":"","meta":{"inline_featured_image":false},"product_brand":[43],"product_cat":[33,28],"product_tag":[],"badge":[],"class_list":{"0":"post-1186","1":"product","2":"type-product","3":"status-publish","4":"has-post-thumbnail","6":"product_brand-cleancard","7":"product_cat-pokemon-card-cleaning","8":"product_cat-pokemon-card-restoration","10":"first","11":"instock","12":"shipping-taxable","13":"purchasable","14":"product-type-simple"},"_links":{"self":[{"href":"https:\/\/cleancard.eu\/fr\/wp-json\/wp\/v2\/product\/1186","targetHints":{"allow":["GET"]}}],"collection":[{"href":"https:\/\/cleancard.eu\/fr\/wp-json\/wp\/v2\/product"}],"about":[{"href":"https:\/\/cleancard.eu\/fr\/wp-json\/wp\/v2\/types\/product"}],"version-history":[{"count":13,"href":"https:\/\/cleancard.eu\/fr\/wp-json\/wp\/v2\/product\/1186\/revisions"}],"predecessor-version":[{"id":1561,"href":"https:\/\/cleancard.eu\/fr\/wp-json\/wp\/v2\/product\/1186\/revisions\/1561"}],"wp:featuredmedia":[{"embeddable":true,"href":"https:\/\/cleancard.eu\/fr\/wp-json\/wp\/v2\/media\/1341"}],"wp:attachment":[{"href":"https:\/\/cleancard.eu\/fr\/wp-json\/wp\/v2\/media?parent=1186"}],"wp:term":[{"taxonomy":"product_brand","embeddable":true,"href":"https:\/\/cleancard.eu\/fr\/wp-json\/wp\/v2\/product_brand?post=1186"},{"taxonomy":"product_cat","embeddable":true,"href":"https:\/\/cleancard.eu\/fr\/wp-json\/wp\/v2\/product_cat?post=1186"},{"taxonomy":"product_tag","embeddable":true,"href":"https:\/\/cleancard.eu\/fr\/wp-json\/wp\/v2\/product_tag?post=1186"},{"taxonomy":"badge","embeddable":true,"href":"https:\/\/cleancard.eu\/fr\/wp-json\/wp\/v2\/badge?post=1186"}],"curies":[{"name":"wp","href":"https:\/\/api.w.org\/{rel}","templated":true}]}}