{"id":458,"date":"2025-12-07T17:51:24","date_gmt":"2025-12-07T17:51:24","guid":{"rendered":"https:\/\/cleancard.eu\/?post_type=product&#038;p=458"},"modified":"2026-04-17T17:46:49","modified_gmt":"2026-04-17T17:46:49","slug":"complete-pokemon-card-restoration-cleaning-kit","status":"publish","type":"product","link":"https:\/\/cleancard.eu\/fr\/shop\/kit-de-restauration-de-carte-pokemon-complet-et-kit-de-nettoyage-de-carte-pokemon\/","title":{"rendered":"Kit complet de restauration de cartes Pokemon"},"content":{"rendered":"<div class=\"product-box product-text\">\n<h2 class=\"section-title-product\">\ud83d\udce6 Contenu du kit<\/h2>\n<ul class=\"product-list\">\n<li><span class=\"item-title\">\ud83d\udca7 1 Spray nettoyant Cleancard (30 ml)<\/span><br \/>\nUne formule douce con\u00e7ue pour \u00e9liminer en toute s\u00e9curit\u00e9 la poussi\u00e8re, les impuret\u00e9s, la graisse et les taches tout en pr\u00e9servant la qualit\u00e9 d'impression.<\/li>\n<li><span class=\"item-title\">\ud83d\udc8e 1 Gel brillance Cleancard (30 ml)<\/span><br \/>\nRavive les couleurs et les zones holographiques, restaure la brillance et r\u00e9duit les micro-rayures, sans laisser de r\u00e9sidus.<\/li>\n<li><span class=\"item-title\">\ud83e\uddf1 2 disques acryliques<\/span><br \/>\nFournit une surface rigide et plate pour stabiliser votre carte pendant l'humidification et l'aplatissement.<\/li>\n<li><span class=\"item-title\">\ud83d\udd17 4 pinces de serrage souples<\/span><br \/>\nApplique une pression ferme et r\u00e9guli\u00e8re entre les plaques acryliques pour aplatir la carte.<\/li>\n<li><span class=\"item-title\">\ud83e\uddfd 2 tampons en mousse<\/span><br \/>\nL\u00e9g\u00e8re pression pour un aplatissement s\u00fbr et une humidification contr\u00f4l\u00e9e avec le spray.<\/li>\n<li><span class=\"item-title\">\ud83e\udeb6 10 cotons-tiges de pr\u00e9cision<\/span><br \/>\nId\u00e9al pour \u00e9liminer les taches incrust\u00e9es ou les marques tenaces dans des zones pr\u00e9cises.<\/li>\n<li><span class=\"item-title\">\ud83e\udde4 1 Paire de gants<\/span><br \/>\nEmp\u00eache les traces de doigts et les transferts de graisse.<\/li>\n<li><span class=\"item-title\">\ud83e\ude84 5 B\u00e2tonnets applicateurs de gel ultra-doux<\/span><br \/>\nAssure une application lisse et uniforme du gel brillance.<\/li>\n<li><span class=\"item-title\">\ud83e\uddf4 2 Pads en microfibre<\/span><br \/>\nPour une utilisation s\u00fbre et uniforme du spray nettoyant.<\/li>\n<li><span class=\"item-title\">\ud83e\uddfc 2 Serviettes en microfibre<\/span><br \/>\nPour s\u00e9cher la carte apr\u00e8s le nettoyage ou un exc\u00e8s d\u2019humidification, et pour retirer le gel brillance apr\u00e8s application.<\/li>\n<li><span class=\"item-title\">\ud83d\udc8c 5 Sleeves de protection<\/span><br \/>\nPour le pressage \u00e0 sec sans mousses et pour une utilisation avec l\u2019outil de pliure.<\/li>\n<li><span class=\"item-title\">\ud83d\udccf 1 Outil pour les pliures et les enfoncements<\/span><br \/>\nLisse et aplanit les petites courbures avec pr\u00e9cision.<\/li>\n<\/ul>\n<\/div>","protected":false},"excerpt":{"rendered":"<p>Un kit complet de restauration de cartes Pokemon con\u00e7u pour nettoyer, restaurer et r\u00e9parer vos cartes.<\/p>\n<p>\u00c9limine efficacement les taches incrust\u00e9es, restaure la brillance et aide \u00e0 r\u00e9parer les courbures, les bosses et les dommages de surface.<\/p>\n<p>Compatible avec tous les TCG, y compris One Piece, Magic, Yu-Gi-Oh ! et les cartes de sport.<br data-start=\"290\" data-end=\"293\" \/>Parfait pour la pr\u00e9paration avant grading (PSA, PCA, CGC, Beckett, CCC) afin de vous aider \u00e0 am\u00e9liorer vos cartes.<\/p>\n<p>Achetez des cartes \u00e0 moindre co\u00fbt, restaurez-les et valorisez-les pour votre collection ou la revente.<\/p>","protected":false},"featured_media":1170,"template":"","meta":{"inline_featured_image":false},"product_brand":[43],"product_cat":[35,28],"product_tag":[47],"badge":[46],"class_list":{"0":"post-458","1":"product","2":"type-product","3":"status-publish","4":"has-post-thumbnail","6":"product_brand-cleancard","7":"product_cat-pokemon-card-restoration-kit","8":"product_cat-pokemon-card-restoration","9":"product_tag-bestseller","10":"badge-bestseller","12":"first","13":"onbackorder","14":"shipping-taxable","15":"purchasable","16":"product-type-simple"},"_links":{"self":[{"href":"https:\/\/cleancard.eu\/fr\/wp-json\/wp\/v2\/product\/458","targetHints":{"allow":["GET"]}}],"collection":[{"href":"https:\/\/cleancard.eu\/fr\/wp-json\/wp\/v2\/product"}],"about":[{"href":"https:\/\/cleancard.eu\/fr\/wp-json\/wp\/v2\/types\/product"}],"version-history":[{"count":21,"href":"https:\/\/cleancard.eu\/fr\/wp-json\/wp\/v2\/product\/458\/revisions"}],"predecessor-version":[{"id":943,"href":"https:\/\/cleancard.eu\/fr\/wp-json\/wp\/v2\/product\/458\/revisions\/943"}],"wp:featuredmedia":[{"embeddable":true,"href":"https:\/\/cleancard.eu\/fr\/wp-json\/wp\/v2\/media\/1170"}],"wp:attachment":[{"href":"https:\/\/cleancard.eu\/fr\/wp-json\/wp\/v2\/media?parent=458"}],"wp:term":[{"taxonomy":"product_brand","embeddable":true,"href":"https:\/\/cleancard.eu\/fr\/wp-json\/wp\/v2\/product_brand?post=458"},{"taxonomy":"product_cat","embeddable":true,"href":"https:\/\/cleancard.eu\/fr\/wp-json\/wp\/v2\/product_cat?post=458"},{"taxonomy":"product_tag","embeddable":true,"href":"https:\/\/cleancard.eu\/fr\/wp-json\/wp\/v2\/product_tag?post=458"},{"taxonomy":"badge","embeddable":true,"href":"https:\/\/cleancard.eu\/fr\/wp-json\/wp\/v2\/badge?post=458"}],"curies":[{"name":"wp","href":"https:\/\/api.w.org\/{rel}","templated":true}]}}