{"id":597,"date":"2026-01-05T22:28:47","date_gmt":"2026-01-05T22:28:47","guid":{"rendered":"https:\/\/cleancard.eu\/?post_type=product&#038;p=597"},"modified":"2026-04-14T18:24:31","modified_gmt":"2026-04-14T18:24:31","slug":"pokemon-card-cleaning-shine-restoration-kit","status":"publish","type":"product","link":"https:\/\/cleancard.eu\/fr\/shop\/kit-gel-brillance-et-spray-nettoyant-pour-carte-pokemon\/","title":{"rendered":"Kit de nettoyage et de restauration de cartes Pokemon"},"content":{"rendered":"<div class=\"product-box product-text\">\n<h2 class=\"section-title-product\">\ud83d\udce6 Contenu du kit<\/h2>\n<ul class=\"product-list\">\n<li><span class=\"item-title\">\ud83d\udca7 1 Spray nettoyant Cleancard (30 ml)<\/span><br \/>\nUne formule douce con\u00e7ue pour \u00e9liminer en toute s\u00e9curit\u00e9 la poussi\u00e8re, les impuret\u00e9s, la graisse et les taches tout en pr\u00e9servant la qualit\u00e9 d'impression.<\/li>\n<li><span class=\"item-title\">\ud83d\udc8e 1 Gel brillance Cleancard (30 ml)<\/span><br \/>\nRavive les couleurs et les zones holographiques, restaure la brillance et r\u00e9duit les micro-rayures, sans laisser de r\u00e9sidus.<\/li>\n<li><span class=\"item-title\">\ud83e\udeb6 10 cotons-tiges de pr\u00e9cision<\/span><br \/>\nId\u00e9al pour \u00e9liminer les taches incrust\u00e9es ou les marques tenaces dans des zones pr\u00e9cises.<\/li>\n<li><span class=\"item-title\">\ud83e\ude84 5 B\u00e2tonnets applicateurs de gel ultra-doux<\/span><br \/>\nAssure une application lisse et uniforme du gel brillance.<\/li>\n<li><span class=\"item-title\">\ud83e\uddf4 1 Pad en microfibre<\/span><br \/>\nPour une utilisation s\u00fbre et uniforme du spray nettoyant.<\/li>\n<li><span class=\"item-title\">\ud83e\uddfc 1 Serviette en microfibre<\/span><br \/>\nPour s\u00e9cher la carte apr\u00e8s le nettoyage ou un exc\u00e8s d\u2019humidification, et pour retirer le gel brillance apr\u00e8s application.<\/li>\n<\/ul>\n<\/div>","protected":false},"excerpt":{"rendered":"<p>Ce kit comprend un spray de nettoyage, un gel brillance et des accessoires d\u00e9di\u00e9s pour am\u00e9liorer l\u2019apparence des cartes en toute s\u00e9curit\u00e9 et optimiser leur rendu visuel.<\/p>\n<p>\ud83e\uddfc Le Spray Nettoyant poss\u00e8de une formule douce con\u00e7ue pour \u00e9liminer en toute s\u00e9curit\u00e9 la graisse, la poussi\u00e8re, les traces de doigts et les taches de surface sans ab\u00eemer la carte.<br \/>\n\u2728 Le Gel Brillance \u00e9limine les micro-rayures, restaure l'\u00e9clat holographique et ravive les couleurs des cartes pour un rendu plus net et plus lumineux.<\/p>\n<p>Con\u00e7u pour les collectionneurs et revendeurs souhaitant acheter des cartes \u00e0 moindre co\u00fbt, restaurer leur apparence et constituer une collection de qualit\u00e9 ou revendre les cartes plus cher. Compatible avec le grading, ce kit aide \u00e0 am\u00e9liorer l\u2019\u00e9tat visuel afin de viser de meilleurs r\u00e9sultats en notation.<\/p>","protected":false},"featured_media":1343,"template":"","meta":{"inline_featured_image":false},"product_brand":[43],"product_cat":[28,35],"product_tag":[],"badge":[46],"class_list":{"0":"post-597","1":"product","2":"type-product","3":"status-publish","4":"has-post-thumbnail","6":"product_brand-cleancard","7":"product_cat-pokemon-card-restoration","8":"product_cat-pokemon-card-restoration-kit","9":"badge-bestseller","11":"first","12":"instock","13":"shipping-taxable","14":"purchasable","15":"product-type-simple"},"_links":{"self":[{"href":"https:\/\/cleancard.eu\/fr\/wp-json\/wp\/v2\/product\/597","targetHints":{"allow":["GET"]}}],"collection":[{"href":"https:\/\/cleancard.eu\/fr\/wp-json\/wp\/v2\/product"}],"about":[{"href":"https:\/\/cleancard.eu\/fr\/wp-json\/wp\/v2\/types\/product"}],"version-history":[{"count":16,"href":"https:\/\/cleancard.eu\/fr\/wp-json\/wp\/v2\/product\/597\/revisions"}],"predecessor-version":[{"id":1559,"href":"https:\/\/cleancard.eu\/fr\/wp-json\/wp\/v2\/product\/597\/revisions\/1559"}],"wp:featuredmedia":[{"embeddable":true,"href":"https:\/\/cleancard.eu\/fr\/wp-json\/wp\/v2\/media\/1343"}],"wp:attachment":[{"href":"https:\/\/cleancard.eu\/fr\/wp-json\/wp\/v2\/media?parent=597"}],"wp:term":[{"taxonomy":"product_brand","embeddable":true,"href":"https:\/\/cleancard.eu\/fr\/wp-json\/wp\/v2\/product_brand?post=597"},{"taxonomy":"product_cat","embeddable":true,"href":"https:\/\/cleancard.eu\/fr\/wp-json\/wp\/v2\/product_cat?post=597"},{"taxonomy":"product_tag","embeddable":true,"href":"https:\/\/cleancard.eu\/fr\/wp-json\/wp\/v2\/product_tag?post=597"},{"taxonomy":"badge","embeddable":true,"href":"https:\/\/cleancard.eu\/fr\/wp-json\/wp\/v2\/badge?post=597"}],"curies":[{"name":"wp","href":"https:\/\/api.w.org\/{rel}","templated":true}]}}