{"id":1186,"date":"2026-01-16T23:12:29","date_gmt":"2026-01-16T23:12:29","guid":{"rendered":"https:\/\/cleancard.eu\/?post_type=product&#038;p=1186"},"modified":"2026-04-13T10:39:17","modified_gmt":"2026-04-13T10:39:17","slug":"pokemon-card-cleaning-spray","status":"publish","type":"product","link":"https:\/\/cleancard.eu\/it\/shop\/spray-per-la-pulizia-delle-carte-pokemon\/","title":{"rendered":"Spray per la pulizia delle carte Pokemon"},"content":{"rendered":"<div class=\"product-box product-text\">\n<h2 class=\"section-title-product\">\ud83d\udce6 Contenuto del kit<\/h2>\n<ul class=\"product-list\">\n<li><span class=\"item-title\">\ud83d\udca7 1 Spray detergente Cleancard (30 ml)<\/span><br \/>\nUna formula delicata progettata per rimuovere in modo sicuro polvere, impurit\u00e0, grasso e macchie, preservando la qualit\u00e0 della stampa.<\/li>\n<li><span class=\"item-title\">\ud83e\udeb6 10 tamponi di cotone di precisione<\/span><br \/>\nIdeale per rimuovere macchie incrostate o segni ostinati in aree precise.<\/li>\n<li><span class=\"item-title\">\ud83e\uddf4 1 Cuscinetto in microfibra<\/span><br \/>\nPer un uso sicuro e uniforme dello spray detergente.<\/li>\n<li><span class=\"item-title\">\ud83e\uddfc 1 Asciugamani in microfibra<\/span><br \/>\nPer l'asciugatura finale, utilizzare un panno morbido e privo di graffi.<\/li>\n<\/ul>\n<\/div>","protected":false},"excerpt":{"rendered":"<p>Lo Spray detergente Cleancard rimuove in sicurezza grasso, impronte, polvere, macchie superficiali e alcune tracce di inchiostro dalle carte da collezione. La formula delicata ad asciugatura rapida fornisce un\u2019umidificazione controllata per eliminare le impurit\u00e0 senza saturare la carta n\u00e9 danneggiare la qualit\u00e0 di stampa, i bordi o la texture superficiale.<\/p>\n<p>Fornisce un\u2019umidificazione controllata che rilassa le fibre della carta, consentendo di correggere pieghe e ammaccature quando utilizzato con kit e strumenti di appiattimento.<\/p>","protected":false},"featured_media":1341,"template":"","meta":{"inline_featured_image":false},"product_brand":[43],"product_cat":[33,28],"product_tag":[],"badge":[],"class_list":{"0":"post-1186","1":"product","2":"type-product","3":"status-publish","4":"has-post-thumbnail","6":"product_brand-cleancard","7":"product_cat-pokemon-card-cleaning","8":"product_cat-pokemon-card-restoration","10":"first","11":"instock","12":"shipping-taxable","13":"purchasable","14":"product-type-simple"},"_links":{"self":[{"href":"https:\/\/cleancard.eu\/it\/wp-json\/wp\/v2\/product\/1186","targetHints":{"allow":["GET"]}}],"collection":[{"href":"https:\/\/cleancard.eu\/it\/wp-json\/wp\/v2\/product"}],"about":[{"href":"https:\/\/cleancard.eu\/it\/wp-json\/wp\/v2\/types\/product"}],"version-history":[{"count":13,"href":"https:\/\/cleancard.eu\/it\/wp-json\/wp\/v2\/product\/1186\/revisions"}],"predecessor-version":[{"id":1561,"href":"https:\/\/cleancard.eu\/it\/wp-json\/wp\/v2\/product\/1186\/revisions\/1561"}],"wp:featuredmedia":[{"embeddable":true,"href":"https:\/\/cleancard.eu\/it\/wp-json\/wp\/v2\/media\/1341"}],"wp:attachment":[{"href":"https:\/\/cleancard.eu\/it\/wp-json\/wp\/v2\/media?parent=1186"}],"wp:term":[{"taxonomy":"product_brand","embeddable":true,"href":"https:\/\/cleancard.eu\/it\/wp-json\/wp\/v2\/product_brand?post=1186"},{"taxonomy":"product_cat","embeddable":true,"href":"https:\/\/cleancard.eu\/it\/wp-json\/wp\/v2\/product_cat?post=1186"},{"taxonomy":"product_tag","embeddable":true,"href":"https:\/\/cleancard.eu\/it\/wp-json\/wp\/v2\/product_tag?post=1186"},{"taxonomy":"badge","embeddable":true,"href":"https:\/\/cleancard.eu\/it\/wp-json\/wp\/v2\/badge?post=1186"}],"curies":[{"name":"wp","href":"https:\/\/api.w.org\/{rel}","templated":true}]}}